{"id":8175,"date":"2025-10-10T09:49:38","date_gmt":"2025-10-10T07:49:38","guid":{"rendered":"https:\/\/domovraspenava.cz\/?page_id=8175"},"modified":"2026-03-05T09:28:25","modified_gmt":"2026-03-05T08:28:25","slug":"pro-zadatele","status":"publish","type":"page","link":"https:\/\/domovraspenava.cz\/?page_id=8175","title":{"rendered":"Pro \u017eadatele"},"content":{"rendered":"<div id=\"pl-gb8175-69e2dd80c891d\"  class=\"panel-layout\" ><div id=\"pg-gb8175-69e2dd80c891d-0\"  class=\"panel-grid panel-no-style\" ><div id=\"pgc-gb8175-69e2dd80c891d-0-0\"  class=\"panel-grid-cell\" ><div id=\"panel-gb8175-69e2dd80c891d-0-0-0\" class=\"so-panel widget widget_black-studio-tinymce widget_black_studio_tinymce panel-first-child panel-last-child\" data-index=\"0\" ><div class=\"textwidget\"><p><strong>Ke sta\u017een\u00ed:<\/strong><\/p>\n<p><a href=\"http:\/\/domovraspenava.cz\/wp-content\/uploads\/2026\/03\/zadost_01_2026.pdf\">\u017d\u00e1dost o poskytov\u00e1n\u00ed slu\u017eeb_2026 (PDF)<\/a><\/p>\n<p><a href=\"http:\/\/domovraspenava.cz\/wp-content\/uploads\/2025\/02\/Garantovana-nabidka-sluzeb-DOZP.pdf\">Garantovan\u00e1 nab\u00eddka slu\u017eeb DOZP (PDF)<\/a><\/p>\n<p><a href=\"http:\/\/domovraspenava.cz\/wp-content\/uploads\/2025\/02\/Garantovana-nabidka-sluzeb-STD.pdf\">Garantovan\u00e1 nab\u00eddka slu\u017eeb STD (PDF)<\/a><\/p>\n<p><a href=\"http:\/\/domovraspenava.cz\/wp-content\/uploads\/2026\/03\/Cenik_aktualni.pdf\">Cen\u00edk poskytovan\u00fdch slu\u017eeb od 03-2026 (PDF)<\/a><\/p>\n<p>&nbsp;<\/p>\n<\/div><\/div><\/div><\/div><\/div>\n\n\n<p><\/p>\n","protected":false},"excerpt":{"rendered":"<p>Ke sta\u017een\u00ed: \u017d\u00e1dost o poskytov\u00e1n\u00ed slu\u017eeb_2026 (PDF) Garantovan\u00e1 nab\u00eddka slu\u017eeb DOZP (PDF) Garantovan\u00e1 nab\u00eddka slu\u017eeb STD (PDF) Cen\u00edk poskytovan\u00fdch slu\u017eeb od 03-2026 (PDF) &nbsp;<\/p>\n <a class=\"more-link\" href=\"https:\/\/domovraspenava.cz\/?page_id=8175\"><span class=\"more-msg\">Pokra\u010dovat ve \u010dten\u00ed &rarr;<\/span><\/a>","protected":false},"author":8,"featured_media":0,"parent":0,"menu_order":0,"comment_status":"closed","ping_status":"closed","template":"","meta":{"_acf_changed":false,"advgb_blocks_editor_width":"full","advgb_blocks_columns_visual_guide":"","ngg_post_thumbnail":0,"_vp_format_video_url":"","_vp_image_focal_point":[],"footnotes":""},"class_list":["post-8175","page","type-page","status-publish","hentry"],"acf":[],"coauthors":[],"author_meta":{"author_link":"https:\/\/domovraspenava.cz\/?author=8","display_name":"Franti\u0161ek Sojka"},"relative_dates":{"created":"Posted 6 m\u011bs\u00edc\u016f ago","modified":"Updated 1 m\u011bs\u00edc ago"},"absolute_dates":{"created":"Posted on 10.10.2025","modified":"Updated on 5.3.2026"},"absolute_dates_time":{"created":"Posted on 10.10.2025 9:49","modified":"Updated on 5.3.2026 9:28"},"featured_img_caption":"","featured_img":false,"series_order":"","wpmagazine_modules_lite_featured_media_urls":{"thumbnail":"","cvmm-medium":"","cvmm-medium-plus":"","cvmm-portrait":"","cvmm-medium-square":"","cvmm-large":"","cvmm-small":"","full":""},"categories_names":null,"comments_number":"0","_links":{"self":[{"href":"https:\/\/domovraspenava.cz\/index.php?rest_route=\/wp\/v2\/pages\/8175","targetHints":{"allow":["GET"]}}],"collection":[{"href":"https:\/\/domovraspenava.cz\/index.php?rest_route=\/wp\/v2\/pages"}],"about":[{"href":"https:\/\/domovraspenava.cz\/index.php?rest_route=\/wp\/v2\/types\/page"}],"author":[{"embeddable":true,"href":"https:\/\/domovraspenava.cz\/index.php?rest_route=\/wp\/v2\/users\/8"}],"replies":[{"embeddable":true,"href":"https:\/\/domovraspenava.cz\/index.php?rest_route=%2Fwp%2Fv2%2Fcomments&post=8175"}],"version-history":[{"count":12,"href":"https:\/\/domovraspenava.cz\/index.php?rest_route=\/wp\/v2\/pages\/8175\/revisions"}],"predecessor-version":[{"id":8285,"href":"https:\/\/domovraspenava.cz\/index.php?rest_route=\/wp\/v2\/pages\/8175\/revisions\/8285"}],"wp:attachment":[{"href":"https:\/\/domovraspenava.cz\/index.php?rest_route=%2Fwp%2Fv2%2Fmedia&parent=8175"}],"curies":[{"name":"wp","href":"https:\/\/api.w.org\/{rel}","templated":true}]}}