{"id":6273,"date":"2022-04-09T22:03:44","date_gmt":"2022-04-09T20:03:44","guid":{"rendered":"http:\/\/domovraspenava.cz\/?page_id=6273"},"modified":"2025-12-09T12:42:44","modified_gmt":"2025-12-09T11:42:44","slug":"kdo-nas-podporuje","status":"publish","type":"page","link":"https:\/\/domovraspenava.cz\/?page_id=6273","title":{"rendered":"Kdo n\u00e1s podporuje"},"content":{"rendered":"\n<p><strong>Velk\u00e9 pod\u011bkov\u00e1n\u00ed pat\u0159\u00ed\u00a0v\u0161em na\u0161im sponzor\u016fm a d\u00e1rc\u016fm, kte\u0159\u00ed n\u00e1m nab\u00edzej\u00ed svou pomoc. Ka\u017ed\u00e1, i drobn\u00e1 pomoc formou finan\u010dn\u00edho p\u0159\u00edsp\u011bvku \u010di dobrovolnick\u00e9 \u010dinnosti m\u00e1 pro na\u0161e\u00a0klienty\u00a0velk\u00fd v\u00fdznam. D\u00edky tomu je mo\u017eno uskute\u010dnit \u0159adu volno\u010dasov\u00fdch a kulturn\u00edch akc\u00ed nad r\u00e1mec finan\u010dn\u00edch\u00a0mo\u017enost\u00ed na\u0161\u00ed organizace.<\/strong> <strong>Pokud se rozhodnete n\u00e1s podpo\u0159it, zkontaktujte n\u00e1s pros\u00edm pro dal\u0161\u00ed postup.<\/strong><\/p>\n\n<figure class=\"wp-block-gallery-1 is-layout-flex wp-block-gallery-is-layout-flex\">\n<figure><a href=\"http:\/\/domovraspenava.cz\/wp-content\/uploads\/2023\/09\/Obrazek-WhatsApp-2023-08-08-v-12.07.552.jpg\"><img decoding=\"async\" data-id=\"7348\" src=\"http:\/\/domovraspenava.cz\/wp-content\/uploads\/2023\/09\/Obrazek-WhatsApp-2023-08-08-v-12.07.552-1020x1461.jpg\" alt=\"\" \/><\/a><\/figure>\n\n<figure><a href=\"http:\/\/domovraspenava.cz\/wp-content\/uploads\/2025\/04\/IMG_20240529_091445-scaled.jpg\"><img decoding=\"async\" data-id=\"8062\" src=\"https:\/\/domovraspenava.cz\/wp-content\/uploads\/2025\/04\/IMG_20240529_091445-edited-1-scaled.jpg\" alt=\"\" \/><\/a><\/figure>\n\n<figure><a href=\"https:\/\/domovraspenava.cz\/wp-content\/uploads\/2025\/04\/24-07-26-12-02-40-2910-scaled.jpg\"><img decoding=\"async\" data-id=\"8061\" src=\"https:\/\/domovraspenava.cz\/wp-content\/uploads\/2025\/04\/24-07-26-12-02-40-2910-1020x1360.jpg\" alt=\"\" \/><\/a><\/figure>\n<\/figure>\n\n<p>\u00a0<\/p>\n\n<h2 class=\"wp-block-heading\"><strong>P\u0159ehled sponzor\u016f v roce 2025<\/strong><\/h2>\n\n<ul class=\"wp-block-list\">\n<li>Fofr\u0161neci, ne\u00fa\u010delov\u00fd dar 60 000K\u010d<\/li>\n\n<li>Kate\u0159ina Trojanov\u00e1, ne\u00fa\u010delov\u00fd dar<\/li>\n\n<li>S-AGRO Kut\u00edlek s.r.o., ne\u00fa\u010delov\u00fd dar<\/li>\n\n<li>Michaela \u0160trojsov\u00e1, ne\u00fa\u010delov\u00fd dar<\/li>\n\n<li>Pavl\u00edna Kou\u0159ilov\u00e1, \u00fa\u010delov\u00fd dar 5.000,- K\u010d, Usn. 996\/25\/RK<\/li>\n\n<li>Maty\u00e1\u0161 Jire\u010dek, ne\u00fa\u010delov\u00fd dar<\/li>\n\n<li>BUDA-MONT, spol. s r.o., ne\u00fa\u010delov\u00fd dar<\/li>\n\n<li>Gymn\u00e1zium Fr\u00fddlant, \u00fa\u010delov\u00fd dar 7.997,- K\u010d, Usn.1219\/25\/RK<\/li>\n\n<li>Pavl\u00edna Kou\u0159ilov\u00e1, \u00fa\u010delov\u00fd dar 26.000,- K\u010d, Usn. 1301\/25\/RK<\/li>\n<\/ul>\n\n<h2 class=\"wp-block-heading\"><strong>P\u0159ehled sponzor\u016f v roce 2024<\/strong><\/h2>\n\n<ul class=\"wp-block-list\">\n<li>Kate\u0159ina Trojanov\u00e1, ne\u00fa\u010delov\u00fd dar<\/li>\n\n<li>Marcela Kol\u00e1\u010dn\u00e1, ne\u00fa\u010delov\u00fd dar<\/li>\n\n<li>KNORR-BREMSE Syst\u00e9my pro u\u017eitkov\u00e1 vozidla \u010cR, s.r.o., ne\u00fa\u010delov\u00fd dar 15.000,- K\u010d<\/li>\n\n<li>Novus \u010cesko s.r.o., \u00fa\u010delov\u00fd dar 30.000,- K\u010d, Usn.727\/24\/RK<\/li>\n\n<li>BUDA-MONT, spol. s r.o., ne\u00fa\u010delov\u00fd dar<\/li>\n\n<li>Leo\u0161 Krti\u010dka, ne\u00fa\u010delov\u00fd dar<\/li>\n\n<li>L. Benda, ne\u00fa\u010delov\u00fd dar<\/li>\n\n<li>Dr. Schleiderov\u00e1, ne\u00fa\u010delov\u00fd dar<\/li>\n\n<li>BUDA-MONT, spol. s r.o., ne\u00fa\u010delov\u00fd dar<\/li>\n\n<li>Gymn\u00e1zium Fr\u00fddlant, \u00fa\u010delov\u00fd dar 17.721,- K\u010d, Usn.1352\/24\/RK<\/li>\n\n<li>Mikroregion Fr\u00fddlantsko, ne\u00fa\u010delov\u00fd dar<\/li>\n\n<li>Fofr\u0161neci z Beskyd, ne\u00fa\u010delov\u00fd dar 63.400,- K\u010d<\/li>\n\n<li>Montessori hra\u010dky, \u00fa\u010delov\u00fd dar, Usn. 341\/VII\/24\/RK<\/li>\n<\/ul>\n\n<h2 class=\"wp-block-heading\"><strong>P\u0159ehled sponzor\u016f v roce 2023<\/strong><\/h2>\n\n<ul class=\"wp-block-list\">\n<li>NOVUS \u010cesko s.r.o., \u00fa\u010delov\u00fd dar 15.000,- K\u010d, Usn.563\/23\/RK<\/li>\n\n<li>O. Heinzlov\u00e1, ne\u00fa\u010delov\u00fd dar<\/li>\n\n<li>Gymn\u00e1zium Fr\u00fddlant, \u00fa\u010delov\u00fd dar 6.308,- K\u010d, Usn. 1286\/23\/RK<\/li>\n\n<li>KRTEK CZ s.r.o., ne\u00fa\u010delov\u00fd dar<\/li>\n\n<li>Tesco &#8211; Nadace rozvoje ob\u010dansk\u00e9 spole\u010dnosti, \u00fa\u010delov\u00fd dar 45.000,- K\u010d, Usn. 1622\/23\/RK<\/li>\n\n<li>KNORR-BREMSE Syst\u00e9my pro u\u017eitkov\u00e1 vozidla \u010cR, s.r.o., ne\u00fa\u010delov\u00fd dar<\/li>\n\n<li>Mikroregion Fr\u00fddlantsko, ne\u00fa\u010delov\u00fd dar 40.000,- K\u010d<\/li>\n\n<li>Fofr\u0161neci z Beskyd, ne\u00fa\u010delov\u00fd dar 61.000,- K\u010d<\/li>\n\n<li>Ev\u017een Kot\u00e1sek, ne\u00fa\u010delov\u00fd dar, pravideln\u00e9 \u010d\u00e1stky 100,- K\u010d<\/li>\n\n<li>Erich Kapl, ne\u00fa\u010delov\u00fd dar<\/li>\n\n<li>BUDA-MONT, spol. s r.o., ne\u00fa\u010delov\u00fd dar<\/li>\n<\/ul>\n\n<p>\u00a0<\/p>\n<hr \/ class=\"advgb-dyn-b19eb87e\">\n\n\n<figure class=\"is-layout-flow wp-block-column-is-layout-flow is-layout-flex wp-container-core-columns-is-layout-1 wp-block-columns-is-layout-flex\"><a href=\"http:\/\/domovraspenava.cz\/wp-content\/uploads\/2025\/12\/FOFRSNECI-2025.jpg\"><img fetchpriority=\"high\" decoding=\"async\" src=\"http:\/\/domovraspenava.cz\/wp-content\/uploads\/2025\/12\/FOFRSNECI-2025-632x447.jpg\" alt=\"\" width=\"632\" height=\"447\" \/><\/a><\/figure>\n\n<figure><a href=\"https:\/\/domovraspenava.cz\/wp-content\/uploads\/2024\/12\/img20241216_07365394-scaled.jpg\"><img decoding=\"async\" src=\"http:\/\/domovraspenava.cz\/wp-content\/uploads\/2024\/12\/img20241216_07365394-632x447.jpg\" alt=\"\" width=\"632\" height=\"447\" \/><\/a><\/figure>\n\n\n\n\n\u00a0\n\n\n<p>\u00a0<\/p>\n","protected":false},"excerpt":{"rendered":"<p>Velk\u00e9 pod\u011bkov\u00e1n\u00ed pat\u0159\u00ed\u00a0v\u0161em na\u0161im sponzor\u016fm a d\u00e1rc\u016fm, kte\u0159\u00ed n\u00e1m nab\u00edzej\u00ed svou pomoc. Ka\u017ed\u00e1, i drobn\u00e1 pomoc formou finan\u010dn\u00edho p\u0159\u00edsp\u011bvku \u010di dobrovolnick\u00e9 \u010dinnosti m\u00e1 pro na\u0161e\u00a0klienty\u00a0velk\u00fd v\u00fdznam. D\u00edky tomu je mo\u017eno uskute\u010dnit \u0159adu volno\u010dasov\u00fdch a kulturn\u00edch akc\u00ed nad r\u00e1mec finan\u010dn\u00edch\u00a0mo\u017enost\u00ed na\u0161\u00ed <span class=\"excerpt-dots\">&hellip;<\/span> <a class=\"more-link\" href=\"https:\/\/domovraspenava.cz\/?page_id=6273\"><span class=\"more-msg\">Pokra\u010dovat ve \u010dten\u00ed &rarr;<\/span><\/a><\/p>\n","protected":false},"author":2,"featured_media":0,"parent":0,"menu_order":0,"comment_status":"closed","ping_status":"closed","template":"","meta":{"_acf_changed":false,"advgb_blocks_editor_width":"","advgb_blocks_columns_visual_guide":"","ngg_post_thumbnail":0,"_vp_format_video_url":"","_vp_image_focal_point":[],"footnotes":""},"class_list":["post-6273","page","type-page","status-publish","hentry"],"acf":[],"coauthors":[],"author_meta":{"author_link":"https:\/\/domovraspenava.cz\/?author=2","display_name":"Kate\u0159ina Zaj\u00ed\u010dkov\u00e1"},"relative_dates":{"created":"Posted 4 roky ago","modified":"Updated 4 m\u011bs\u00edce ago"},"absolute_dates":{"created":"Posted on 9.4.2022","modified":"Updated on 9.12.2025"},"absolute_dates_time":{"created":"Posted on 9.4.2022 22:03","modified":"Updated on 9.12.2025 12:42"},"featured_img_caption":"","featured_img":false,"series_order":"","wpmagazine_modules_lite_featured_media_urls":{"thumbnail":"","cvmm-medium":"","cvmm-medium-plus":"","cvmm-portrait":"","cvmm-medium-square":"","cvmm-large":"","cvmm-small":"","full":""},"categories_names":null,"comments_number":"0","_links":{"self":[{"href":"https:\/\/domovraspenava.cz\/index.php?rest_route=\/wp\/v2\/pages\/6273","targetHints":{"allow":["GET"]}}],"collection":[{"href":"https:\/\/domovraspenava.cz\/index.php?rest_route=\/wp\/v2\/pages"}],"about":[{"href":"https:\/\/domovraspenava.cz\/index.php?rest_route=\/wp\/v2\/types\/page"}],"author":[{"embeddable":true,"href":"https:\/\/domovraspenava.cz\/index.php?rest_route=\/wp\/v2\/users\/2"}],"replies":[{"embeddable":true,"href":"https:\/\/domovraspenava.cz\/index.php?rest_route=%2Fwp%2Fv2%2Fcomments&post=6273"}],"version-history":[{"count":53,"href":"https:\/\/domovraspenava.cz\/index.php?rest_route=\/wp\/v2\/pages\/6273\/revisions"}],"predecessor-version":[{"id":8270,"href":"https:\/\/domovraspenava.cz\/index.php?rest_route=\/wp\/v2\/pages\/6273\/revisions\/8270"}],"wp:attachment":[{"href":"https:\/\/domovraspenava.cz\/index.php?rest_route=%2Fwp%2Fv2%2Fmedia&parent=6273"}],"curies":[{"name":"wp","href":"https:\/\/api.w.org\/{rel}","templated":true}]}}