{"id":6228,"date":"2022-04-09T15:03:08","date_gmt":"2022-04-09T13:03:08","guid":{"rendered":"http:\/\/domovraspenava.cz\/?page_id=6228"},"modified":"2025-03-28T08:35:42","modified_gmt":"2025-03-28T07:35:42","slug":"poskytovane-sluzby","status":"publish","type":"page","link":"https:\/\/domovraspenava.cz\/?page_id=6228","title":{"rendered":"Poskytovan\u00e9 slu\u017eby"},"content":{"rendered":"\n<div class=\"wp-block-group\"><div class=\"wp-block-group__inner-container is-layout-constrained wp-block-group-is-layout-constrained\"><\/div><\/div>\n\n\n\n<div class=\"wp-block-columns is-layout-flex wp-container-core-columns-is-layout-1 wp-block-columns-is-layout-flex\">\n<div class=\"wp-block-column is-layout-flow wp-block-column-is-layout-flow\">\n<figure class=\"wp-block-image size-large\"><a href=\"https:\/\/domovraspenava.cz\/?page_id=4504\"><img fetchpriority=\"high\" decoding=\"async\" width=\"2560\" height=\"1440\" src=\"https:\/\/domovraspenava.cz\/wp-content\/uploads\/2025\/02\/20250216_160852-edited-scaled.jpg\" alt=\"\" class=\"wp-image-7994\" srcset=\"https:\/\/domovraspenava.cz\/wp-content\/uploads\/2025\/02\/20250216_160852-edited-scaled.jpg 2560w, https:\/\/domovraspenava.cz\/wp-content\/uploads\/2025\/02\/20250216_160852-edited-632x356.jpg 632w, https:\/\/domovraspenava.cz\/wp-content\/uploads\/2025\/02\/20250216_160852-edited-1020x574.jpg 1020w, https:\/\/domovraspenava.cz\/wp-content\/uploads\/2025\/02\/20250216_160852-edited-768x432.jpg 768w, https:\/\/domovraspenava.cz\/wp-content\/uploads\/2025\/02\/20250216_160852-edited-1536x864.jpg 1536w, https:\/\/domovraspenava.cz\/wp-content\/uploads\/2025\/02\/20250216_160852-edited-2048x1152.jpg 2048w, https:\/\/domovraspenava.cz\/wp-content\/uploads\/2025\/02\/20250216_160852-edited-500x281.jpg 500w, https:\/\/domovraspenava.cz\/wp-content\/uploads\/2025\/02\/20250216_160852-edited-800x450.jpg 800w, https:\/\/domovraspenava.cz\/wp-content\/uploads\/2025\/02\/20250216_160852-edited-1280x720.jpg 1280w, https:\/\/domovraspenava.cz\/wp-content\/uploads\/2025\/02\/20250216_160852-edited-1920x1080.jpg 1920w\" sizes=\"(max-width: 2560px) 100vw, 2560px\" \/><\/a><\/figure>\n<\/div>\n\n\n\n<div class=\"wp-block-column is-layout-flow wp-block-column-is-layout-flow\">\n<figure class=\"wp-block-image size-large\"><a href=\"http:\/\/domovraspenava.cz\/?page_id=4508\"><img decoding=\"async\" width=\"1020\" height=\"574\" src=\"http:\/\/domovraspenava.cz\/wp-content\/uploads\/2022\/04\/IMG_20210908_081856-1020x574.jpg\" alt=\"\" class=\"wp-image-6237\" srcset=\"https:\/\/domovraspenava.cz\/wp-content\/uploads\/2022\/04\/IMG_20210908_081856-1020x574.jpg 1020w, https:\/\/domovraspenava.cz\/wp-content\/uploads\/2022\/04\/IMG_20210908_081856-632x356.jpg 632w, https:\/\/domovraspenava.cz\/wp-content\/uploads\/2022\/04\/IMG_20210908_081856-768x432.jpg 768w, https:\/\/domovraspenava.cz\/wp-content\/uploads\/2022\/04\/IMG_20210908_081856-1536x864.jpg 1536w, https:\/\/domovraspenava.cz\/wp-content\/uploads\/2022\/04\/IMG_20210908_081856-2048x1152.jpg 2048w, https:\/\/domovraspenava.cz\/wp-content\/uploads\/2022\/04\/IMG_20210908_081856-500x281.jpg 500w, https:\/\/domovraspenava.cz\/wp-content\/uploads\/2022\/04\/IMG_20210908_081856-800x450.jpg 800w, https:\/\/domovraspenava.cz\/wp-content\/uploads\/2022\/04\/IMG_20210908_081856-1280x720.jpg 1280w, https:\/\/domovraspenava.cz\/wp-content\/uploads\/2022\/04\/IMG_20210908_081856-1920x1080.jpg 1920w\" sizes=\"(max-width: 1020px) 100vw, 1020px\" \/><\/a><\/figure>\n<\/div>\n<\/div>\n\n\n\n<div class=\"wp-block-columns is-layout-flex wp-container-core-columns-is-layout-2 wp-block-columns-is-layout-flex\">\n<div class=\"wp-block-column is-layout-flow wp-block-column-is-layout-flow\">\n<p class=\"has-medium-font-size\"><a href=\"http:\/\/domovraspenava.cz\/?page_id=4504\"><u><strong><em>Domov pro osoby se zdravotn\u00edm posti\u017een\u00edm:<\/em><\/strong><\/u><\/a><\/p>\n\n\n\n<p class=\"has-text-align-justify has-medium-font-size\">Poskytov\u00e1n\u00ed pobytov\u00e9 slu\u017eby osob\u00e1m se zdravotn\u00edm posti\u017een\u00edm&nbsp;<strong>z&nbsp;<\/strong><em><strong>Libereck\u00e9ho kraje<\/strong>,<\/em> kter\u00e9 maj\u00ed sn\u00ed\u017eenou sob\u011bsta\u010dnost   z d\u016fvodu zdravotn\u00edho posti\u017een\u00ed, jejich\u017e situace vy\u017eaduje pravidelnou pomoc jin\u00e9 fyzick\u00e9 osoby.<\/p>\n\n\n\n<p class=\"has-medium-font-size\"><strong>\u017d\u00e1dost o p\u0159ijet\u00ed do slu\u017eby lze st\u00e1hnout &nbsp;zde:<\/strong>&nbsp;&nbsp;<\/p>\n\n\n\n<p class=\"has-medium-font-size\"><a href=\"http:\/\/domovraspenava.cz\/wp-content\/uploads\/2024\/02\/Zadost-o-poskytovani-socialni-sluzby.doc\" target=\"_blank\" rel=\"noreferrer noopener\"><strong><em><span style=\"text-decoration: underline;\">\u017d\u00e1dost o poskytov\u00e1n\u00ed soci\u00e1ln\u00ed slu\u017eby DOZP<\/span><\/em><\/strong><\/a><\/p>\n\n\n\n<p class=\"has-medium-font-size\"><strong>Slu\u017eba obsahuje tyto z\u00e1kladn\u00ed \u010dinnosti:<\/strong><\/p>\n\n\n\n<ul class=\"wp-block-list\">\n<li>Poskytnut\u00ed ubytov\u00e1n\u00ed, stravy, <\/li>\n\n\n\n<li>pomoc p\u0159i zvl\u00e1d\u00e1n\u00ed b\u011b\u017en\u00fdch \u00fakon\u016f p\u00e9\u010de o vlastn\u00ed osobu, <\/li>\n\n\n\n<li>pomoc p\u0159i osobn\u00ed hygien\u011b, nebo poskytnut\u00ed podm\u00ednek pro osobn\u00ed hygienu, <\/li>\n\n\n\n<li>v\u00fdchovn\u011b vzd\u011bl\u00e1vac\u00ed a aktiviza\u010dn\u00ed \u010dinnosti, <\/li>\n\n\n\n<li>zprost\u0159edkov\u00e1n\u00ed kontaktu se spole\u010densk\u00fdm prost\u0159ed\u00edm, <\/li>\n\n\n\n<li>soci\u00e1ln\u011b terapeutick\u00e9 \u010dinnosti, <\/li>\n\n\n\n<li>pomoc p\u0159i uplat\u0148ov\u00e1n\u00ed pr\u00e1v, opr\u00e1vn\u011bn\u00fdch z\u00e1jm\u016f a p\u0159i obstar\u00e1v\u00e1n\u00ed osobn\u00edch z\u00e1le\u017eitost\u00ed.<\/li>\n<\/ul>\n<\/div>\n\n\n\n<div class=\"wp-block-column is-layout-flow wp-block-column-is-layout-flow\">\n<p class=\"has-medium-font-size\"><a href=\"http:\/\/domovraspenava.cz\/?page_id=4508\"><u><strong><em>Soci\u00e1ln\u011b terapeutick\u00e9 d\u00edlny (provozn\u00ed doba 06:30 a\u017e 16:30)<\/em><\/strong><\/u><\/a><\/p>\n\n\n\n<p class=\"has-text-align-justify has-medium-font-size\">Poskytov\u00e1n\u00ed ambulantn\u00ed slu\u017eby osob\u00e1m se sn\u00ed\u017eenou sob\u011bsta\u010dnost\u00ed <em><strong>z Libereck\u00e9ho kraje<\/strong><\/em> (p\u0159edev\u0161\u00edm z oblasti Fr\u00fddlantska) z d\u016fvodu zdravotn\u00edho posti\u017een\u00ed, kter\u00e9 nejsou z tohoto d\u016fvodu um\u00edstiteln\u00e9 na otev\u0159en\u00e9m ani chr\u00e1n\u011bn\u00e9m trhu pr\u00e1ce. Jejich \u00fa\u010delem je dlouhodob\u00e1 a pravideln\u00e1 podpora zdokonalov\u00e1n\u00ed pracovn\u00edch n\u00e1vyk\u016f a dovednost\u00ed prost\u0159ednictv\u00edm soci\u00e1ln\u011b pracovn\u00ed terapie.<\/p>\n\n\n\n<p class=\"has-medium-font-size\"><strong>\u017d\u00e1dost o p\u0159ijet\u00ed do slu\u017eby lze st\u00e1hnout &nbsp;zde:<em><a href=\"http:\/\/domovraspenava.cz\/wp-content\/uploads\/2019\/04\/\u017d\u00e1dost-o-poskytov\u00e1n\u00ed-soci\u00e1ln\u00ed-slu\u017eby-STD-na-str\u00e1nky.pdf\">&nbsp; <\/a><\/em><\/strong><\/p>\n\n\n\n<p class=\"has-medium-font-size\"><a href=\"http:\/\/domovraspenava.cz\/wp-content\/uploads\/2024\/02\/Zadost-o-poskytovani-socialni-sluzby.doc\" target=\"_blank\" rel=\"noreferrer noopener\"><strong><em><span style=\"text-decoration: underline;\">\u017d\u00e1dost o poskytov\u00e1n\u00ed soci\u00e1ln\u00ed slu\u017eby STD<\/span><\/em><\/strong><\/a><\/p>\n\n\n\n<p class=\"has-medium-font-size\"><strong>Slu\u017eba obsahuje tyto z\u00e1kladn\u00ed \u010dinnosti:<\/strong><\/p>\n\n\n\n<ul class=\"wp-block-list\">\n<li>Pomoc p\u0159i osobn\u00ed hygien\u011b, nebo poskytnut\u00ed podm\u00ednek pro osobn\u00ed hygienu, <\/li>\n\n\n\n<li>poskytnut\u00ed stravy, nebo pomoc p\u0159i zaji\u0161t\u011bn\u00ed stravy, <\/li>\n\n\n\n<li>n\u00e1cvik dovednost\u00ed pro zvl\u00e1dnut\u00ed p\u00e9\u010de o vlastn\u00ed osobu, sob\u011bsta\u010dnosti a dal\u0161\u00edch \u010dinnost\u00ed vedouc\u00edch k soci\u00e1ln\u00edmu za\u010dlen\u011bn\u00ed.<\/li>\n<\/ul>\n\n\n\n<p><\/p>\n<\/div>\n<\/div>\n\n\n\n<div class=\"wp-block-columns is-layout-flex wp-container-core-columns-is-layout-3 wp-block-columns-is-layout-flex\">\n<div class=\"wp-block-column is-layout-flow wp-block-column-is-layout-flow\">\n<p class=\"has-text-align-center\"><a href=\"http:\/\/domovraspenava.cz\/wp-content\/uploads\/2025\/02\/Garantovana-nabidka-sluzeb-DOZP.pdf\" target=\"_blank\" rel=\"noreferrer noopener\"><strong><em><span style=\"text-decoration: underline;\">Garantovan\u00e1 nab\u00eddka slu\u017eeb DOZP ke sta\u017een\u00ed:<\/span><\/em><\/strong><\/a><\/p>\n<\/div>\n\n\n\n<div class=\"wp-block-column is-layout-flow wp-block-column-is-layout-flow\">\n<p class=\"has-text-align-center\"><a href=\"http:\/\/domovraspenava.cz\/wp-content\/uploads\/2025\/02\/Garantovana-nabidka-sluzeb-STD.pdf\" target=\"_blank\" rel=\"noreferrer noopener\"><strong><em><span style=\"text-decoration: underline;\">Garantovan\u00e1 nab\u00eddka slu\u017eeb STD ke sta\u017een\u00ed:<\/span><\/em><\/strong><\/a><\/p>\n<\/div>\n<\/div>\n\n\n\n<div class=\"wp-block-columns is-layout-flex wp-container-core-columns-is-layout-4 wp-block-columns-is-layout-flex\">\n<div class=\"wp-block-column is-layout-flow wp-block-column-is-layout-flow\">\n<figure class=\"wp-block-image size-vp_sm\"><a href=\"http:\/\/domovraspenava.cz\/wp-content\/uploads\/2025\/02\/Garantovana-nabidka-sluzeb-DOZP.pdf\" target=\"_blank\" rel=\"noreferrer noopener\"><img decoding=\"async\" width=\"500\" height=\"707\" src=\"https:\/\/domovraspenava.cz\/wp-content\/uploads\/2025\/02\/img20250226_06131012-500x707.png\" alt=\"\" class=\"wp-image-7930\" srcset=\"https:\/\/domovraspenava.cz\/wp-content\/uploads\/2025\/02\/img20250226_06131012-500x707.png 500w, https:\/\/domovraspenava.cz\/wp-content\/uploads\/2025\/02\/img20250226_06131012-632x893.png 632w, https:\/\/domovraspenava.cz\/wp-content\/uploads\/2025\/02\/img20250226_06131012-1020x1442.png 1020w, https:\/\/domovraspenava.cz\/wp-content\/uploads\/2025\/02\/img20250226_06131012-768x1085.png 768w, https:\/\/domovraspenava.cz\/wp-content\/uploads\/2025\/02\/img20250226_06131012-1087x1536.png 1087w, https:\/\/domovraspenava.cz\/wp-content\/uploads\/2025\/02\/img20250226_06131012-1449x2048.png 1449w, https:\/\/domovraspenava.cz\/wp-content\/uploads\/2025\/02\/img20250226_06131012-800x1131.png 800w, https:\/\/domovraspenava.cz\/wp-content\/uploads\/2025\/02\/img20250226_06131012-1280x1809.png 1280w, https:\/\/domovraspenava.cz\/wp-content\/uploads\/2025\/02\/img20250226_06131012-1920x2714.png 1920w\" sizes=\"(max-width: 500px) 100vw, 500px\" \/><\/a><\/figure>\n<\/div>\n\n\n\n<div class=\"wp-block-column is-layout-flow wp-block-column-is-layout-flow\">\n<figure class=\"wp-block-image size-vp_sm\"><a href=\"http:\/\/domovraspenava.cz\/wp-content\/uploads\/2025\/02\/Garantovana-nabidka-sluzeb-STD.pdf\" target=\"_blank\" rel=\"noreferrer noopener\"><img loading=\"lazy\" decoding=\"async\" width=\"500\" height=\"707\" src=\"https:\/\/domovraspenava.cz\/wp-content\/uploads\/2025\/02\/img20250226_06064894-500x707.png\" alt=\"\" class=\"wp-image-7929\" srcset=\"https:\/\/domovraspenava.cz\/wp-content\/uploads\/2025\/02\/img20250226_06064894-500x707.png 500w, https:\/\/domovraspenava.cz\/wp-content\/uploads\/2025\/02\/img20250226_06064894-632x893.png 632w, https:\/\/domovraspenava.cz\/wp-content\/uploads\/2025\/02\/img20250226_06064894-1020x1442.png 1020w, https:\/\/domovraspenava.cz\/wp-content\/uploads\/2025\/02\/img20250226_06064894-768x1085.png 768w, https:\/\/domovraspenava.cz\/wp-content\/uploads\/2025\/02\/img20250226_06064894-1087x1536.png 1087w, https:\/\/domovraspenava.cz\/wp-content\/uploads\/2025\/02\/img20250226_06064894-1449x2048.png 1449w, https:\/\/domovraspenava.cz\/wp-content\/uploads\/2025\/02\/img20250226_06064894-800x1131.png 800w, https:\/\/domovraspenava.cz\/wp-content\/uploads\/2025\/02\/img20250226_06064894-1280x1809.png 1280w, https:\/\/domovraspenava.cz\/wp-content\/uploads\/2025\/02\/img20250226_06064894-1920x2714.png 1920w\" sizes=\"(max-width: 500px) 100vw, 500px\" \/><\/a><\/figure>\n<\/div>\n<\/div>\n\n\n\n<div class=\"wp-block-columns is-layout-flex wp-container-core-columns-is-layout-5 wp-block-columns-is-layout-flex\">\n<div class=\"wp-block-column is-layout-flow wp-block-column-is-layout-flow\">\n<p><\/p>\n\n\n\n<p><\/p>\n\n\n\n<p class=\"has-medium-font-size\"><strong>Co nab\u00edz\u00edme:<\/strong><\/p>\n\n\n\n<p class=\"has-text-align-justify has-medium-font-size\"><strong>Celoro\u010dn\u00ed ubytov\u00e1n\u00ed:<\/strong> Mobiln\u00ed klienti jsou ubytov\u00e1ni v jedno, dvou, nebo t\u0159\u00edl\u016f\u017ekov\u00fdch pokoj\u00edch. P\u0159\u00edpadn\u011b ve spole\u010dn\u00e9 lo\u017enici v r\u00e1mci skupinov\u00e9ho bydlen\u00ed. K spole\u010dn\u00e9mu u\u017e\u00edv\u00e1n\u00ed maj\u00ed k dispozici ob\u00fdvac\u00ed pokoj, hernu (spole\u010denskou m\u00edstnost), soci\u00e1ln\u00ed za\u0159\u00edzen\u00ed.<\/p>\n\n\n\n<p class=\"has-text-align-justify has-medium-font-size\"><strong>Stravov\u00e1n\u00ed: &nbsp;<\/strong> j\u00eddlo je zaji\u0161t\u011bno 5 x denn\u011b, a jeho \u00faprava se \u0159\u00edd\u00ed pot\u0159ebou klient\u016f (nap\u0159\u00edklad mixovan\u00e1 strava).<\/p>\n\n\n\n<p class=\"has-text-align-justify has-medium-font-size\"><strong>Zdravotn\u00ed p\u00e9\u010de: <\/strong>&nbsp;pond\u011bl\u00ed a\u017e p\u00e1tek: p\u0159\u00edtomnost zdravotn\u00ed sestry, jednou t\u00fddn\u011b: praktick\u00fd l\u00e9ka\u0159 pro d\u011bti a dorost a praktick\u00fd l\u00e9ka\u0159 pro dosp\u011bl\u00e9, \u010dtvrtletn\u011b je zaji\u0161t\u011bna n\u00e1v\u0161t\u011bva neurologa, ko\u017en\u00edho l\u00e9ka\u0159e a psychiatra, dvakr\u00e1t ro\u010dn\u011b preventivn\u00ed prohl\u00eddka u zuba\u0159e. Podle pot\u0159eby jsou klienti objedn\u00e1v\u00e1ni k dal\u0161\u00edm specialist\u016fm \u2013 ortoped, kardiolog.<\/p>\n\n\n\n<p class=\"has-text-align-justify has-medium-font-size\"><strong><em>Vzd\u011bl\u00e1v\u00e1n\u00ed:&nbsp;<\/em><\/strong><em> \u0161koln\u00ed doch\u00e1zka je zaji\u0161t\u011bna v Z\u0160 Raspenava cca 50 metr\u016f od Domova \u2013 klienti se vzd\u011bl\u00e1vaj\u00ed dle sv\u00fdch schopnost\u00ed podle RVP&nbsp; \u0161koly praktick\u00e9, pop\u0159\u00edpad\u011b \u0161koly speci\u00e1ln\u00ed.&nbsp; P\u0159ed\u0161koln\u00ed v\u00fdchova klient\u016f je zaji\u0161t\u011bna v Mate\u0159sk\u00e9 \u0161kole v Raspenav\u011b.<\/em><\/p>\n\n\n\n<p class=\"has-medium-font-size\"><strong><em>Volno\u010dasov\u00e9 aktivity:<\/em><\/strong><\/p>\n\n\n\n<p class=\"has-text-align-justify has-medium-font-size\">\u00da\u010dast na skupinov\u00fdch a individu\u00e1ln\u00edch terapi\u00edch &#8211; muzikoterapie, drum circles, hipoterapie.&nbsp;<\/p>\n\n\n\n<p class=\"has-text-align-justify has-medium-font-size\">Z\u00e1jmov\u00e9 krou\u017eky v r\u00e1mci \u0161koln\u00ed nab\u00eddky \u2013 keramick\u00fd, sportovn\u00ed.<\/p>\n\n\n\n<p class=\"has-medium-font-size\">V\u00fdlety, n\u00e1v\u0161t\u011bvy v\u00fdstav, kulturn\u00edch p\u0159edstaven\u00ed, sportovn\u00edch akc\u00ed.<\/p>\n\n\n\n<p class=\"has-text-align-justify has-medium-font-size\">T\u00fddenn\u00ed pobyty, rekrea\u010dn\u00ed a rehabilita\u010dn\u00ed pobyty \u2013 skupinov\u00e9, individu\u00e1ln\u00ed, dle pot\u0159eb jednotliv\u00fdch klient\u016f.<\/p>\n\n\n\n<p class=\"has-medium-font-size\">V domov\u011b se pracuje s konceptem baz\u00e1ln\u00ed stimulace.<\/p>\n\n\n\n<p class=\"has-text-align-justify has-medium-font-size\"><strong>Soci\u00e1ln\u00ed p\u00e9\u010de: <\/strong>&nbsp;zastupov\u00e1n\u00ed klient\u016f v soci\u00e1ln\u011b-pr\u00e1vn\u00ed oblasti &#8211; vy\u0159izov\u00e1n\u00ed pot\u0159ebn\u00fdch doklad\u016f &#8211; zaji\u0161t\u011bn\u00ed opatrovn\u00edka klient\u016fm, kte\u0159\u00ed jsou zbaveni zp\u016fsobilosti k pr\u00e1vn\u00edm \u00fakon\u016fm a pln\u011bn\u00ed \u00fakol\u016f z t\u00e9to funkce vypl\u00fdvaj\u00edc\u00edch.<\/p>\n<\/div>\n\n\n\n<div class=\"wp-block-column is-layout-flow wp-block-column-is-layout-flow\">\n<p><\/p>\n\n\n\n<p><\/p>\n\n\n\n<p class=\"has-text-align-justify has-medium-font-size\"><strong>Soci\u00e1ln\u011b terapeutick\u00e1 d\u00edlna: <\/strong>&nbsp;je ur\u010dena pro klienty, kte\u0159\u00ed ji\u017e ukon\u010dili povinnou \u0161koln\u00ed doch\u00e1zku. Do d\u00edlny doch\u00e1z\u00ed na pracovn\u00ed terapii, kde se maj\u00ed mo\u017enost zapojit do \u010dinnost\u00ed <em>v d\u00edln\u011b keramick\u00e9, v\u00fdtvarn\u00e9, v d\u00edln\u011b praktick\u00fdch dovednost\u00ed a v tr\u00e9ninkov\u00e9 kav\u00e1rn\u011b.<\/em>&nbsp;<em><strong>Provozn\u00ed doba d\u00edlny je od 6:30 do 16:30 hodin.<\/strong><\/em><\/p>\n<\/div>\n<\/div>\n","protected":false},"excerpt":{"rendered":"<p>Domov pro osoby se zdravotn\u00edm posti\u017een\u00edm: Poskytov\u00e1n\u00ed pobytov\u00e9 slu\u017eby osob\u00e1m se zdravotn\u00edm posti\u017een\u00edm&nbsp;z&nbsp;Libereck\u00e9ho kraje, kter\u00e9 maj\u00ed sn\u00ed\u017eenou sob\u011bsta\u010dnost z d\u016fvodu zdravotn\u00edho posti\u017een\u00ed, jejich\u017e situace vy\u017eaduje pravidelnou pomoc jin\u00e9 fyzick\u00e9 osoby. \u017d\u00e1dost o p\u0159ijet\u00ed do slu\u017eby lze st\u00e1hnout &nbsp;zde:&nbsp;&nbsp; \u017d\u00e1dost o <span class=\"excerpt-dots\">&hellip;<\/span> <a class=\"more-link\" href=\"https:\/\/domovraspenava.cz\/?page_id=6228\"><span class=\"more-msg\">Pokra\u010dovat ve \u010dten\u00ed &rarr;<\/span><\/a><\/p>\n","protected":false},"author":2,"featured_media":0,"parent":0,"menu_order":0,"comment_status":"closed","ping_status":"closed","template":"","meta":{"_acf_changed":false,"advgb_blocks_editor_width":"","advgb_blocks_columns_visual_guide":"","ngg_post_thumbnail":0,"_vp_format_video_url":"","_vp_image_focal_point":[],"footnotes":""},"class_list":["post-6228","page","type-page","status-publish","hentry"],"acf":[],"coauthors":[],"author_meta":{"author_link":"https:\/\/domovraspenava.cz\/?author=2","display_name":"Kate\u0159ina Zaj\u00ed\u010dkov\u00e1"},"relative_dates":{"created":"Posted 4 roky ago","modified":"Updated 1 rokem ago"},"absolute_dates":{"created":"Posted on 9.4.2022","modified":"Updated on 28.3.2025"},"absolute_dates_time":{"created":"Posted on 9.4.2022 15:03","modified":"Updated on 28.3.2025 8:35"},"featured_img_caption":"","featured_img":false,"series_order":"","wpmagazine_modules_lite_featured_media_urls":{"thumbnail":"","cvmm-medium":"","cvmm-medium-plus":"","cvmm-portrait":"","cvmm-medium-square":"","cvmm-large":"","cvmm-small":"","full":""},"categories_names":null,"comments_number":"0","_links":{"self":[{"href":"https:\/\/domovraspenava.cz\/index.php?rest_route=\/wp\/v2\/pages\/6228","targetHints":{"allow":["GET"]}}],"collection":[{"href":"https:\/\/domovraspenava.cz\/index.php?rest_route=\/wp\/v2\/pages"}],"about":[{"href":"https:\/\/domovraspenava.cz\/index.php?rest_route=\/wp\/v2\/types\/page"}],"author":[{"embeddable":true,"href":"https:\/\/domovraspenava.cz\/index.php?rest_route=\/wp\/v2\/users\/2"}],"replies":[{"embeddable":true,"href":"https:\/\/domovraspenava.cz\/index.php?rest_route=%2Fwp%2Fv2%2Fcomments&post=6228"}],"version-history":[{"count":34,"href":"https:\/\/domovraspenava.cz\/index.php?rest_route=\/wp\/v2\/pages\/6228\/revisions"}],"predecessor-version":[{"id":8030,"href":"https:\/\/domovraspenava.cz\/index.php?rest_route=\/wp\/v2\/pages\/6228\/revisions\/8030"}],"wp:attachment":[{"href":"https:\/\/domovraspenava.cz\/index.php?rest_route=%2Fwp%2Fv2%2Fmedia&parent=6228"}],"curies":[{"name":"wp","href":"https:\/\/api.w.org\/{rel}","templated":true}]}}