{"id":6176,"date":"2022-04-08T11:24:42","date_gmt":"2022-04-08T09:24:42","guid":{"rendered":"http:\/\/domovraspenava.cz\/?page_id=6176"},"modified":"2025-11-06T16:59:23","modified_gmt":"2025-11-06T15:59:23","slug":"organizacni-dokumenty","status":"publish","type":"page","link":"https:\/\/domovraspenava.cz\/?page_id=6176","title":{"rendered":"Organiza\u010dn\u00ed dokumenty"},"content":{"rendered":"\t\t<div data-elementor-type=\"wp-page\" data-elementor-id=\"6176\" class=\"elementor elementor-6176\">\n\t\t\t\t\t\t<section class=\"elementor-section elementor-top-section elementor-element elementor-element-7c839d5b elementor-section-boxed elementor-section-height-default elementor-section-height-default\" data-id=\"7c839d5b\" data-element_type=\"section\" data-e-type=\"section\">\n\t\t\t\t\t\t<div class=\"elementor-container elementor-column-gap-default\">\n\t\t\t\t\t<div class=\"elementor-column elementor-col-100 elementor-top-column elementor-element elementor-element-7851f3f2\" data-id=\"7851f3f2\" data-element_type=\"column\" data-e-type=\"column\">\n\t\t\t<div class=\"elementor-widget-wrap elementor-element-populated\">\n\t\t\t\t\t\t<div class=\"elementor-element elementor-element-18fb340d elementor-widget elementor-widget-text-editor\" data-id=\"18fb340d\" data-element_type=\"widget\" data-e-type=\"widget\" data-widget_type=\"text-editor.default\">\n\t\t\t\t<div class=\"elementor-widget-container\">\n\t\t\t\t\t\t\t\t\t<p><\/p>\n<p><\/p>\n<ul class=\"wp-block-list\"><p><\/p><p><\/p>\n<li><a href=\"https:\/\/smlouvy.gov.cz\/vyhledavani?q=71220089&amp;search=Vyhledat&amp;do=quickSearchForm-submit\" target=\"_blank\" rel=\"noreferrer noopener\"><em><strong>Odkaz na smlouvy v Registru smluv dle Z\u00e1kona o registru smluv (p\u0159edpis \u010d. 340\/2015 Sb.)<\/strong><\/em><\/a><strong><em><a href=\"https:\/\/smlouvy.gov.cz\/vyhledavani?q=71220089&amp;search=Vyhledat&amp;do=quickSearchForm-submit\" target=\"_blank\" rel=\"noreferrer noopener\">.<\/a><\/em><\/strong><\/li>\n<p><\/p><\/ul>\n<p><\/p>\n<p><\/p>\n<p><\/p>\n<ul class=\"wp-block-list\"><p><\/p>\n<li><a href=\"http:\/\/domovraspenava.cz\/wp-content\/uploads\/2025\/04\/Povereni-DOZP.pdf\" target=\"_blank\" rel=\"noreferrer noopener\"><strong><em>Pov\u011b\u0159en\u00ed k poskytov\u00e1n\u00ed slu\u017eeb DOZP,<\/em><\/strong><\/a><\/li>\n<p><\/p>\n<li><a href=\"http:\/\/domovraspenava.cz\/wp-content\/uploads\/2025\/04\/Povereni-STD.pdf\" target=\"_blank\" rel=\"noreferrer noopener\"><em><strong>Pov\u011b\u0159en\u00ed k poskytov\u00e1n\u00ed slu\u017eeb STD,<\/strong><\/em><\/a><\/li>\n<p><\/p>\n<li><a href=\"http:\/\/domovraspenava.cz\/wp-content\/uploads\/2024\/02\/Eticky-kodex.pdf\" target=\"_blank\" rel=\"noreferrer noopener\"><strong><em>Etick\u00fd kodex<\/em><\/strong><\/a><em><strong>,<\/strong><\/em><\/li>\n<p><\/p>\n<li><a href=\"http:\/\/domovraspenava.cz\/wp-content\/uploads\/2024\/07\/Organizacni-schema-DOZP-od-1.7.2024.xlsx\" target=\"_blank\" rel=\"noreferrer noopener\"><em><strong>Organiza\u010dn\u00ed sch\u00e9ma DOZP<\/strong><\/em><\/a><strong><em>,<\/em><\/strong><\/li>\n<p><\/p>\n<li><a href=\"http:\/\/domovraspenava.cz\/wp-content\/uploads\/2024\/07\/Organizacni-schema-STD-od-1.7.2024.xlsx\" target=\"_blank\" rel=\"noreferrer noopener\"><em><strong>Organiza\u010dn\u00ed sch\u00e9ma STD<\/strong><\/em><\/a><strong>,<\/strong><\/li>\n<p><\/p>\n<li><a href=\"http:\/\/domovraspenava.cz\/wp-content\/uploads\/2024\/07\/Zrizovaci-listina.pdf\" target=\"_blank\" rel=\"noreferrer noopener\"><em><strong>Z\u0159izovac\u00ed listina<\/strong><\/em><\/a><strong>,<\/strong><\/li>\n<p><\/p>\n<li><a href=\"http:\/\/domovraspenava.cz\/wp-content\/uploads\/2024\/07\/ZL-priloha-2024.pdf\" target=\"_blank\" rel=\"noreferrer noopener\"><strong><em>P\u0159\u00edloha ke z\u0159izovac\u00ed listin\u011b<\/em><\/strong><\/a>,<\/li>\n<p><\/p>\n<li><a href=\"http:\/\/domovraspenava.cz\/wp-content\/uploads\/2025\/05\/Registrace-2025.pdf\" target=\"_blank\" rel=\"noreferrer noopener\"><strong><em>Registrace<\/em><\/strong><\/a><em><strong>,<\/strong><\/em><\/li>\n<p><\/p>\n<li><a href=\"https:\/\/www.mpsv.cz\/registr-poskytovatelu-sluzeb\" target=\"_blank\" rel=\"noreferrer noopener\"><em><strong>Registr poskytovatel\u016f soci\u00e1ln\u00edch slu\u017eeb (MPSV<\/strong><\/em><\/a><em><a href=\"http:\/\/iregistr.mpsv.cz\/socreg\/detail_poskytovatele.do?706f=7a8ba5cd22ff8b2a&amp;SUBSESSION_ID=1490762621046_3\" target=\"_blank\" rel=\"noreferrer noopener\"><strong>)<\/strong><\/a><strong>,<\/strong><\/em><\/li>\n<p><\/p><\/ul>\n<p><\/p>\n<p><\/p>\n<p><\/p>\n<p><\/p>\t\t\t\t\t\t\t\t<\/div>\n\t\t\t\t<\/div>\n\t\t\t\t\t<\/div>\n\t\t<\/div>\n\t\t\t\t\t<\/div>\n\t\t<\/section>\n\t\t\t\t<\/div>\n\t\t","protected":false},"excerpt":{"rendered":" <a class=\"more-link\" href=\"https:\/\/domovraspenava.cz\/?page_id=6176\"><span class=\"more-msg\">Pokra\u010dovat ve \u010dten\u00ed &rarr;<\/span><\/a>","protected":false},"author":2,"featured_media":0,"parent":6166,"menu_order":0,"comment_status":"closed","ping_status":"closed","template":"","meta":{"_acf_changed":false,"advgb_blocks_editor_width":"","advgb_blocks_columns_visual_guide":"","ngg_post_thumbnail":0,"_vp_format_video_url":"","_vp_image_focal_point":[],"footnotes":""},"class_list":["post-6176","page","type-page","status-publish","hentry"],"acf":[],"coauthors":[],"author_meta":{"author_link":"https:\/\/domovraspenava.cz\/?author=2","display_name":"Kate\u0159ina Zaj\u00ed\u010dkov\u00e1"},"relative_dates":{"created":"Posted 4 roky ago","modified":"Updated 5 m\u011bs\u00edc\u016f ago"},"absolute_dates":{"created":"Posted on 8.4.2022","modified":"Updated on 6.11.2025"},"absolute_dates_time":{"created":"Posted on 8.4.2022 11:24","modified":"Updated on 6.11.2025 16:59"},"featured_img_caption":"","featured_img":false,"series_order":"","wpmagazine_modules_lite_featured_media_urls":{"thumbnail":"","cvmm-medium":"","cvmm-medium-plus":"","cvmm-portrait":"","cvmm-medium-square":"","cvmm-large":"","cvmm-small":"","full":""},"categories_names":null,"comments_number":"0","_links":{"self":[{"href":"https:\/\/domovraspenava.cz\/index.php?rest_route=\/wp\/v2\/pages\/6176","targetHints":{"allow":["GET"]}}],"collection":[{"href":"https:\/\/domovraspenava.cz\/index.php?rest_route=\/wp\/v2\/pages"}],"about":[{"href":"https:\/\/domovraspenava.cz\/index.php?rest_route=\/wp\/v2\/types\/page"}],"author":[{"embeddable":true,"href":"https:\/\/domovraspenava.cz\/index.php?rest_route=\/wp\/v2\/users\/2"}],"replies":[{"embeddable":true,"href":"https:\/\/domovraspenava.cz\/index.php?rest_route=%2Fwp%2Fv2%2Fcomments&post=6176"}],"version-history":[{"count":36,"href":"https:\/\/domovraspenava.cz\/index.php?rest_route=\/wp\/v2\/pages\/6176\/revisions"}],"predecessor-version":[{"id":8255,"href":"https:\/\/domovraspenava.cz\/index.php?rest_route=\/wp\/v2\/pages\/6176\/revisions\/8255"}],"up":[{"embeddable":true,"href":"https:\/\/domovraspenava.cz\/index.php?rest_route=\/wp\/v2\/pages\/6166"}],"wp:attachment":[{"href":"https:\/\/domovraspenava.cz\/index.php?rest_route=%2Fwp%2Fv2%2Fmedia&parent=6176"}],"curies":[{"name":"wp","href":"https:\/\/api.w.org\/{rel}","templated":true}]}}