{"id":6169,"date":"2022-04-08T11:15:57","date_gmt":"2022-04-08T09:15:57","guid":{"rendered":"http:\/\/domovraspenava.cz\/?page_id=6169"},"modified":"2025-04-04T07:44:33","modified_gmt":"2025-04-04T05:44:33","slug":"gdpr","status":"publish","type":"page","link":"https:\/\/domovraspenava.cz\/?page_id=6169","title":{"rendered":"GDPR"},"content":{"rendered":"\n<ul class=\"wp-block-list has-medium-font-size\">\n<li><a href=\"http:\/\/domovraspenava.cz\/wp-content\/uploads\/2019\/08\/Informa%C4%8Dn%C3%AD-memorandum-o-ochran%C4%9B-a-spr%C3%A1v%C4%9B-osobn%C3%ADch-%C3%BAdaj%C5%AF-organizace-soci%C3%A1ln%C3%ADch-slu%C5%BEeb.docx\" target=\"_blank\" rel=\"noreferrer noopener\">Informa\u010dn\u00ed memorandum o ochran\u011b a spr\u00e1v\u011b osobn\u00edch \u00fadaj\u016f organizace soci\u00e1ln\u00edch slu\u017eeb<\/a>,<\/li>\n\n\n\n<li><a href=\"http:\/\/domovraspenava.cz\/wp-content\/uploads\/2019\/08\/vnit%C5%99n%C3%AD-p%C5%99edpis-o-ochran%C4%9B-a-zpracov%C3%A1n%C3%AD-osobn%C3%ADch-%C3%BAdaj%C5%AF-1.docx\" target=\"_blank\" rel=\"noreferrer noopener\">Vnit\u0159n\u00ed p\u0159edpis o ochran\u011b a zpracov\u00e1n\u00ed osobn\u00edch \u00fadaj\u016f<\/a>,<\/li>\n<\/ul>\n\n\n\n<p><\/p>\n\n\n\n<p class=\"has-medium-font-size\"><strong>kontaktn\u00ed osoba v organizaci: PhDr. Kv\u011bta Kut\u00edlkov\u00e1,<\/strong><br>e-mail:&nbsp;<strong><a rel=\"noreferrer noopener\" href=\"mailto:info@domovraspenava.cz\" target=\"_blank\">info@domovraspenava.cz<\/a>,<\/strong><br>telefon: +420 482 319 102, +420 723 157 350.<\/p>\n\n\n\n<p class=\"has-medium-font-size\"><strong>pov\u011b\u0159enec pro ochranu osobn\u00edch \u00fadaj\u016f: Bc. Roman \u0160ikola,<br><\/strong>e-mail:&nbsp;<strong><a rel=\"noreferrer noopener\" href=\"mailto:roman.sikola@kraj-lbc.cz\" target=\"_blank\">roman.sikola@kraj-lbc.cz<\/a>,<\/strong><br>telefon: +420 485 226 356, +420 739 541 629.<\/p>\n\n\n\n<p><\/p>\n\n\n\n<div class=\"wp-block-columns is-layout-flex wp-container-core-columns-is-layout-1 wp-block-columns-is-layout-flex\">\n<div class=\"wp-block-column is-layout-flow wp-block-column-is-layout-flow\"><\/div>\n<\/div>\n\n\n\n<figure class=\"wp-block-image size-vp_sm is-resized is-style-rounded\"><a href=\"http:\/\/domovraspenava.cz\/wp-content\/uploads\/2022\/04\/gdpr.png\"><img fetchpriority=\"high\" decoding=\"async\" width=\"500\" height=\"500\" src=\"http:\/\/domovraspenava.cz\/wp-content\/uploads\/2022\/04\/gdpr-500x500.png\" alt=\"\" class=\"wp-image-6161\" style=\"width:375px;height:375px\" srcset=\"https:\/\/domovraspenava.cz\/wp-content\/uploads\/2022\/04\/gdpr-500x500.png 500w, https:\/\/domovraspenava.cz\/wp-content\/uploads\/2022\/04\/gdpr.png 512w\" sizes=\"(max-width: 500px) 100vw, 500px\" \/><\/a><\/figure>\n","protected":false},"excerpt":{"rendered":"<p>kontaktn\u00ed osoba v organizaci: PhDr. Kv\u011bta Kut\u00edlkov\u00e1,e-mail:&nbsp;info@domovraspenava.cz,telefon: +420 482 319 102, +420 723 157 350. pov\u011b\u0159enec pro ochranu osobn\u00edch \u00fadaj\u016f: Bc. Roman \u0160ikola,e-mail:&nbsp;roman.sikola@kraj-lbc.cz,telefon: +420 485 226 356, +420 739 541 629.<\/p>\n <a class=\"more-link\" href=\"https:\/\/domovraspenava.cz\/?page_id=6169\"><span class=\"more-msg\">Pokra\u010dovat ve \u010dten\u00ed &rarr;<\/span><\/a>","protected":false},"author":2,"featured_media":0,"parent":6166,"menu_order":0,"comment_status":"closed","ping_status":"closed","template":"","meta":{"_acf_changed":false,"advgb_blocks_editor_width":"","advgb_blocks_columns_visual_guide":"","ngg_post_thumbnail":0,"_vp_format_video_url":"","_vp_image_focal_point":[],"footnotes":""},"class_list":["post-6169","page","type-page","status-publish","hentry"],"acf":[],"coauthors":[],"author_meta":{"author_link":"https:\/\/domovraspenava.cz\/?author=2","display_name":"Kate\u0159ina Zaj\u00ed\u010dkov\u00e1"},"relative_dates":{"created":"Posted 4 roky ago","modified":"Updated 1 rokem ago"},"absolute_dates":{"created":"Posted on 8.4.2022","modified":"Updated on 4.4.2025"},"absolute_dates_time":{"created":"Posted on 8.4.2022 11:15","modified":"Updated on 4.4.2025 7:44"},"featured_img_caption":"","featured_img":false,"series_order":"","wpmagazine_modules_lite_featured_media_urls":{"thumbnail":"","cvmm-medium":"","cvmm-medium-plus":"","cvmm-portrait":"","cvmm-medium-square":"","cvmm-large":"","cvmm-small":"","full":""},"categories_names":null,"comments_number":"0","_links":{"self":[{"href":"https:\/\/domovraspenava.cz\/index.php?rest_route=\/wp\/v2\/pages\/6169","targetHints":{"allow":["GET"]}}],"collection":[{"href":"https:\/\/domovraspenava.cz\/index.php?rest_route=\/wp\/v2\/pages"}],"about":[{"href":"https:\/\/domovraspenava.cz\/index.php?rest_route=\/wp\/v2\/types\/page"}],"author":[{"embeddable":true,"href":"https:\/\/domovraspenava.cz\/index.php?rest_route=\/wp\/v2\/users\/2"}],"replies":[{"embeddable":true,"href":"https:\/\/domovraspenava.cz\/index.php?rest_route=%2Fwp%2Fv2%2Fcomments&post=6169"}],"version-history":[{"count":6,"href":"https:\/\/domovraspenava.cz\/index.php?rest_route=\/wp\/v2\/pages\/6169\/revisions"}],"predecessor-version":[{"id":8075,"href":"https:\/\/domovraspenava.cz\/index.php?rest_route=\/wp\/v2\/pages\/6169\/revisions\/8075"}],"up":[{"embeddable":true,"href":"https:\/\/domovraspenava.cz\/index.php?rest_route=\/wp\/v2\/pages\/6166"}],"wp:attachment":[{"href":"https:\/\/domovraspenava.cz\/index.php?rest_route=%2Fwp%2Fv2%2Fmedia&parent=6169"}],"curies":[{"name":"wp","href":"https:\/\/api.w.org\/{rel}","templated":true}]}}