{"id":6166,"date":"2022-04-08T11:10:22","date_gmt":"2022-04-08T09:10:22","guid":{"rendered":"http:\/\/domovraspenava.cz\/?page_id=6166"},"modified":"2025-07-24T10:46:21","modified_gmt":"2025-07-24T08:46:21","slug":"dokumenty-2","status":"publish","type":"page","link":"https:\/\/domovraspenava.cz\/?page_id=6166","title":{"rendered":"Dokumenty"},"content":{"rendered":"<div class=\"wp-block-visual-portfolio alignwide\">\n<div class=\"vp-portfolio vp-uid-c603b4eb vp-id-1jSw71\"\n\tdata-vp-layout=\"tiles\" data-vp-content-source=\"images\" data-vp-items-style=\"default\" data-vp-items-click-action=\"url\" data-vp-items-gap=\"15\" data-vp-items-gap-vertical=\"\" data-vp-pagination=\"load-more\" data-vp-next-page-url=\"\" data-vp-tiles-type=\"3|1,1|\" >\n\t<div class=\"vp-portfolio__preloader-wrap\">\n\t\t<div class=\"vp-portfolio__preloader\">\n\t\t\t<img decoding=\"async\" loading=\"eager\" src=\"https:\/\/domovraspenava.cz\/wp-content\/plugins\/visual-portfolio\/assets\/images\/logo-dark.svg\" alt=\"Visual Portfolio, Posts &amp; Image Gallery for WordPress\" width=\"20\" height=\"20\" data-skip-lazy>\n\t\t<\/div>\n\t<\/div>\n\t\t<div class=\"vp-portfolio__items-wrap\">\n\t\t\t\n<div class=\"vp-portfolio__items vp-portfolio__items-style-default vp-portfolio__items-show-overlay-default\">\n\n\t\t<div\t\tclass=\"vp-portfolio__item-wrap vp-portfolio__item-uid-a272ca0b\" data-vp-filter=\"\" style=\"--vp-images__object-position: 41% 44%;\" \t\t>\n\t\t\t\t\t\t\t\t\t<figure class=\"vp-portfolio__item\">\n\t\t\t\t\n<div class=\"vp-portfolio__item-img-wrap\">\n\t<div class=\"vp-portfolio__item-img\">\n\t\t\t<a\n\t\thref=\"https:\/\/domovraspenava.cz\/?page_id=6169\"\n\t\taria-label=\"GDPR\" \t>\n\t\n\t\t<img fetchpriority=\"high\" decoding=\"async\" width=\"1920\" height=\"1281\" src=\"https:\/\/domovraspenava.cz\/wp-content\/uploads\/2025\/07\/standard-quality-control-collage-concept-1920x1281.jpg\" class=\"wp-image-8150\" alt=\"\" srcset=\"https:\/\/domovraspenava.cz\/wp-content\/uploads\/2025\/07\/standard-quality-control-collage-concept-1920x1281.jpg 1920w, https:\/\/domovraspenava.cz\/wp-content\/uploads\/2025\/07\/standard-quality-control-collage-concept-632x422.jpg 632w, https:\/\/domovraspenava.cz\/wp-content\/uploads\/2025\/07\/standard-quality-control-collage-concept-1020x681.jpg 1020w, https:\/\/domovraspenava.cz\/wp-content\/uploads\/2025\/07\/standard-quality-control-collage-concept-768x512.jpg 768w, https:\/\/domovraspenava.cz\/wp-content\/uploads\/2025\/07\/standard-quality-control-collage-concept-1536x1025.jpg 1536w, https:\/\/domovraspenava.cz\/wp-content\/uploads\/2025\/07\/standard-quality-control-collage-concept-2048x1367.jpg 2048w, https:\/\/domovraspenava.cz\/wp-content\/uploads\/2025\/07\/standard-quality-control-collage-concept-500x334.jpg 500w, https:\/\/domovraspenava.cz\/wp-content\/uploads\/2025\/07\/standard-quality-control-collage-concept-800x534.jpg 800w, https:\/\/domovraspenava.cz\/wp-content\/uploads\/2025\/07\/standard-quality-control-collage-concept-1280x854.jpg 1280w\" sizes=\"(max-width: 1920px) 100vw, 1920px\" \/>\n\t\t<div class=\"vp-portfolio__item-overlay\">\n\t\t\t\t\t<\/div>\n\n\t\t<\/a>\t<\/div>\n<\/div>\n\n\t<figcaption class=\"vp-portfolio__item-caption vp-portfolio__item-caption-text-align-center\">\n\t\t<div class=\"vp-portfolio__item-meta\">\n\t\t\t\n<h2 class=\"vp-portfolio__item-meta-title\">\n\t\t<a\n\t\thref=\"https:\/\/domovraspenava.cz\/?page_id=6169\"\n\t\t\t>\n\tGDPR<\/a><\/h2>\n\t\t<\/div>\n\t<\/figcaption>\n\t\t\t<\/figure>\n\t\t\t\t\t<\/div>\n\t\t\n\t\t<div\t\tclass=\"vp-portfolio__item-wrap vp-portfolio__item-uid-cde996f1\" data-vp-filter=\"\" \t\t>\n\t\t\t\t\t\t\t\t\t<figure class=\"vp-portfolio__item\">\n\t\t\t\t\n<div class=\"vp-portfolio__item-img-wrap\">\n\t<div class=\"vp-portfolio__item-img\">\n\t\t\t<a\n\t\thref=\"https:\/\/domovraspenava.cz\/?page_id=6173\"\n\t\taria-label=\"ekonomick\u00e9 dokumenty\" \t>\n\t\n\t\t<img decoding=\"async\" width=\"1024\" height=\"1024\" src=\"https:\/\/domovraspenava.cz\/wp-content\/uploads\/2022\/04\/stock-vector-grey-calculator-with-black-buttons.jpg\" class=\"wp-image-6163\" alt=\"\" srcset=\"https:\/\/domovraspenava.cz\/wp-content\/uploads\/2022\/04\/stock-vector-grey-calculator-with-black-buttons.jpg 1024w, https:\/\/domovraspenava.cz\/wp-content\/uploads\/2022\/04\/stock-vector-grey-calculator-with-black-buttons-632x632.jpg 632w, https:\/\/domovraspenava.cz\/wp-content\/uploads\/2022\/04\/stock-vector-grey-calculator-with-black-buttons-1020x1020.jpg 1020w, https:\/\/domovraspenava.cz\/wp-content\/uploads\/2022\/04\/stock-vector-grey-calculator-with-black-buttons-768x768.jpg 768w, https:\/\/domovraspenava.cz\/wp-content\/uploads\/2022\/04\/stock-vector-grey-calculator-with-black-buttons-500x500.jpg 500w, https:\/\/domovraspenava.cz\/wp-content\/uploads\/2022\/04\/stock-vector-grey-calculator-with-black-buttons-800x800.jpg 800w\" sizes=\"(max-width: 1024px) 100vw, 1024px\" \/>\n\t\t<div class=\"vp-portfolio__item-overlay\">\n\t\t\t\t\t<\/div>\n\n\t\t<\/a>\t<\/div>\n<\/div>\n\n\t<figcaption class=\"vp-portfolio__item-caption vp-portfolio__item-caption-text-align-center\">\n\t\t<div class=\"vp-portfolio__item-meta\">\n\t\t\t\n<h2 class=\"vp-portfolio__item-meta-title\">\n\t\t<a\n\t\thref=\"https:\/\/domovraspenava.cz\/?page_id=6173\"\n\t\t\t>\n\tekonomick\u00e9 dokumenty<\/a><\/h2>\n\t\t<\/div>\n\t<\/figcaption>\n\t\t\t<\/figure>\n\t\t\t\t\t<\/div>\n\t\t\n\t\t<div\t\tclass=\"vp-portfolio__item-wrap vp-portfolio__item-uid-142d7982\" data-vp-filter=\"\" \t\t>\n\t\t\t\t\t\t\t\t\t<figure class=\"vp-portfolio__item\">\n\t\t\t\t\n<div class=\"vp-portfolio__item-img-wrap\">\n\t<div class=\"vp-portfolio__item-img\">\n\t\t\t<a\n\t\thref=\"https:\/\/domovraspenava.cz\/?page_id=6176\"\n\t\taria-label=\"organiza\u010dn\u00ed dokumenty\" \t>\n\t\n\t\t<img decoding=\"async\" width=\"256\" height=\"256\" src=\"https:\/\/domovraspenava.cz\/wp-content\/uploads\/2022\/04\/icon-file-undefined.png\" class=\"wp-image-6164\" alt=\"\" \/>\n\t\t<div class=\"vp-portfolio__item-overlay\">\n\t\t\t\t\t<\/div>\n\n\t\t<\/a>\t<\/div>\n<\/div>\n\n\t<figcaption class=\"vp-portfolio__item-caption vp-portfolio__item-caption-text-align-center\">\n\t\t<div class=\"vp-portfolio__item-meta\">\n\t\t\t\n<h2 class=\"vp-portfolio__item-meta-title\">\n\t\t<a\n\t\thref=\"https:\/\/domovraspenava.cz\/?page_id=6176\"\n\t\t\t>\n\torganiza\u010dn\u00ed dokumenty<\/a><\/h2>\n\t\t<\/div>\n\t<\/figcaption>\n\t\t\t<\/figure>\n\t\t\t\t\t<\/div>\n\t\t\n<\/div>\n\t\t<\/div>\n\t\t\t\t<div class=\"vp-portfolio__layout-elements vp-portfolio__layout-elements-bottom vp-portfolio__layout-elements-align-center\">\n\t\t\t\t<div class=\"vp-portfolio__pagination-wrap\">\n\t\t\n<div class=\"vp-pagination vp-pagination__no-more vp-pagination__style-default\" data-vp-pagination-type=\"load-more\">\n\t<div class=\"vp-pagination__item\">\n\t\t<a class=\"vp-pagination__load-more\" href=\"\">\n\t\t\t<span><\/span>\n\t\t\t<span class=\"vp-pagination__load-more-loading\"><span class=\"vp-spinner\"><\/span><span class=\"vp-screen-reader-text\"> <\/span><\/span>\n\t\t\t<span class=\"vp-pagination__load-more-no-more\"><\/span>\n\t\t<\/a>\n\t<\/div>\n<\/div>\n\t\t<\/div>\n\t\t\t\t<\/div>\n\t\t\n<\/div>\n<\/div>\n\n<div class=\"wp-block-image\">\n<figure class=\"aligncenter size-medium is-resized\"><a href=\"http:\/\/domovraspenava.cz\/wp-content\/uploads\/2022\/04\/liberecko-z-nebe.pdf\" target=\"_blank\" rel=\"noreferrer noopener\"><img loading=\"lazy\" decoding=\"async\" width=\"632\" height=\"438\" src=\"http:\/\/domovraspenava.cz\/wp-content\/uploads\/2019\/02\/Liberecko-z-nebe-632x438.jpg\" alt=\"\" class=\"wp-image-4306\" style=\"width:316px;height:219px\" srcset=\"https:\/\/domovraspenava.cz\/wp-content\/uploads\/2019\/02\/Liberecko-z-nebe-632x438.jpg 632w, https:\/\/domovraspenava.cz\/wp-content\/uploads\/2019\/02\/Liberecko-z-nebe.jpg 646w\" sizes=\"(max-width: 632px) 100vw, 632px\" \/><\/a><\/figure><\/div>\n\n\n<p class=\"has-text-align-center has-medium-font-size\">Liberecko z nebe \u2013 prezentace na\u0161eho za\u0159\u00edzen\u00ed na str. 134<\/p>\n","protected":false},"excerpt":{"rendered":"<p>Liberecko z nebe \u2013 prezentace na\u0161eho za\u0159\u00edzen\u00ed na str. 134<\/p>\n <a class=\"more-link\" href=\"https:\/\/domovraspenava.cz\/?page_id=6166\"><span class=\"more-msg\">Pokra\u010dovat ve \u010dten\u00ed &rarr;<\/span><\/a>","protected":false},"author":2,"featured_media":0,"parent":0,"menu_order":0,"comment_status":"closed","ping_status":"closed","template":"","meta":{"_acf_changed":false,"advgb_blocks_editor_width":"","advgb_blocks_columns_visual_guide":"","ngg_post_thumbnail":0,"_vp_format_video_url":"","_vp_image_focal_point":[],"footnotes":""},"class_list":["post-6166","page","type-page","status-publish","hentry"],"acf":[],"coauthors":[],"author_meta":{"author_link":"https:\/\/domovraspenava.cz\/?author=2","display_name":"Kate\u0159ina Zaj\u00ed\u010dkov\u00e1"},"relative_dates":{"created":"Posted 4 roky ago","modified":"Updated 9 m\u011bs\u00edc\u016f ago"},"absolute_dates":{"created":"Posted on 8.4.2022","modified":"Updated on 24.7.2025"},"absolute_dates_time":{"created":"Posted on 8.4.2022 11:10","modified":"Updated on 24.7.2025 10:46"},"featured_img_caption":"","featured_img":false,"series_order":"","wpmagazine_modules_lite_featured_media_urls":{"thumbnail":"","cvmm-medium":"","cvmm-medium-plus":"","cvmm-portrait":"","cvmm-medium-square":"","cvmm-large":"","cvmm-small":"","full":""},"categories_names":null,"comments_number":"0","_links":{"self":[{"href":"https:\/\/domovraspenava.cz\/index.php?rest_route=\/wp\/v2\/pages\/6166","targetHints":{"allow":["GET"]}}],"collection":[{"href":"https:\/\/domovraspenava.cz\/index.php?rest_route=\/wp\/v2\/pages"}],"about":[{"href":"https:\/\/domovraspenava.cz\/index.php?rest_route=\/wp\/v2\/types\/page"}],"author":[{"embeddable":true,"href":"https:\/\/domovraspenava.cz\/index.php?rest_route=\/wp\/v2\/users\/2"}],"replies":[{"embeddable":true,"href":"https:\/\/domovraspenava.cz\/index.php?rest_route=%2Fwp%2Fv2%2Fcomments&post=6166"}],"version-history":[{"count":24,"href":"https:\/\/domovraspenava.cz\/index.php?rest_route=\/wp\/v2\/pages\/6166\/revisions"}],"predecessor-version":[{"id":8152,"href":"https:\/\/domovraspenava.cz\/index.php?rest_route=\/wp\/v2\/pages\/6166\/revisions\/8152"}],"wp:attachment":[{"href":"https:\/\/domovraspenava.cz\/index.php?rest_route=%2Fwp%2Fv2%2Fmedia&parent=6166"}],"curies":[{"name":"wp","href":"https:\/\/api.w.org\/{rel}","templated":true}]}}