{"id":4504,"date":"2019-04-24T11:39:00","date_gmt":"2019-04-24T09:39:00","guid":{"rendered":"http:\/\/domovraspenava.cz\/?page_id=4504"},"modified":"2025-07-24T09:08:36","modified_gmt":"2025-07-24T07:08:36","slug":"domov-pro-osoby-se-zdravotnim-postizenim","status":"publish","type":"page","link":"https:\/\/domovraspenava.cz\/?page_id=4504","title":{"rendered":"Domov pro osoby se zdravotn\u00edm posti\u017een\u00edm"},"content":{"rendered":"\n<p class=\"has-text-align-justify has-medium-font-size\"><em>Domov pro osoby se zdravotn\u00edm posti\u017een\u00edm (DOZP) poskytuje celoro\u010dn\u00ed pobytovou soci\u00e1ln\u00ed slu\u017ebu <\/em>osob\u00e1m s ment\u00e1ln\u00edm, s kombinovan\u00fdm ment\u00e1ln\u00edm a t\u011blesn\u00fdm posti\u017een\u00edm, ment\u00e1ln\u00edm a smyslov\u00fdm posti\u017een\u00edm a osob\u00e1m s poruchami autistick\u00e9ho spektra (PAS)<\/p>\n\n\n\n<p class=\"has-text-align-justify has-medium-font-size\"><em>Soci\u00e1ln\u00ed slu\u017eba DOZP je poskytov\u00e1na klient\u016fm, kte\u0159\u00ed nemohou \u017e\u00edt ve vlastn\u00ed rodin\u011b z d\u016fvodu na\u0159\u00edzen\u00e9 \u00fastavn\u00ed v\u00fdchovy nebo nemo\u017enosti poskytovat v rodin\u011b pot\u0159ebnou soci\u00e1ln\u00ed a v\u00fdchovnou p\u00e9\u010di<\/em>.<\/p>\n\n\n\n<p class=\"has-text-align-justify has-medium-font-size\"><strong><em>Slu\u017eba je ur\u010dena pro klienty ve v\u011bku od 3 let do 26 let. V\u00fdjime\u010dn\u011b je slu\u017eba poskytov\u00e1na v\u011bkov\u00e9 skupin\u011b od 27 do 64 let. Jedn\u00e1 se o klienty, kte\u0159\u00ed jsou v za\u0159\u00edzen\u00ed od d\u011btsk\u00e9ho v\u011bku, a doposud se pro n\u011b nepoda\u0159ilo nal\u00e9zt vhodn\u011bj\u0161\u00ed n\u00e1vaznou slu\u017ebu.<\/em><\/strong> Do za\u0159\u00edzen\u00ed jsou p\u0159ednostn\u011b p\u0159ij\u00edm\u00e1ny d\u011bti do 12 let, kter\u00e9 maj\u00ed bydli\u0161t\u011b v Libereck\u00e9m kraji nebo prok\u00e1zanou soci\u00e1ln\u00ed vazbu na Libereck\u00fd kraj. <\/p>\n\n\n<div class=\"wp-block-visual-portfolio\">\n<div class=\"vp-portfolio vp-uid-a664acc8 vp-id-Zio2mB\"\n\tdata-vp-layout=\"justified\" data-vp-content-source=\"images\" data-vp-items-style=\"default\" data-vp-items-click-action=\"popup_gallery\" data-vp-items-gap=\"9\" data-vp-items-gap-vertical=\"\" data-vp-pagination=\"load-more\" data-vp-next-page-url=\"\" data-vp-justified-row-height=\"200\" data-vp-justified-row-height-tolerance=\"0.25\" data-vp-justified-max-rows-count=\"0\" data-vp-justified-last-row=\"left\" >\n\t<div class=\"vp-portfolio__preloader-wrap\">\n\t\t<div class=\"vp-portfolio__preloader\">\n\t\t\t<img decoding=\"async\" loading=\"eager\" src=\"https:\/\/domovraspenava.cz\/wp-content\/plugins\/visual-portfolio\/assets\/images\/logo-dark.svg\" alt=\"Visual Portfolio, Posts &amp; Image Gallery for WordPress\" width=\"20\" height=\"20\" data-skip-lazy>\n\t\t<\/div>\n\t<\/div>\n\t\t<div class=\"vp-portfolio__items-wrap\">\n\t\t\t\n<div class=\"vp-portfolio__items vp-portfolio__items-style-default vp-portfolio__items-show-overlay-hover\">\n\n\t\t<div\t\tclass=\"vp-portfolio__item-wrap vp-portfolio__item-uid-84429902\" data-vp-filter=\"\" \t\t>\n\t\t\t<template class=\"vp-portfolio__item-popup\" data-vp-popup-img=\"https:\/\/domovraspenava.cz\/wp-content\/uploads\/2025\/07\/25-07-23-10-14-59-4215-1920x1440.jpg\" data-vp-popup-img-srcset=\"https:\/\/domovraspenava.cz\/wp-content\/uploads\/2025\/07\/25-07-23-10-14-59-4215-1920x1440.jpg 1920w, https:\/\/domovraspenava.cz\/wp-content\/uploads\/2025\/07\/25-07-23-10-14-59-4215-632x474.jpg 632w, https:\/\/domovraspenava.cz\/wp-content\/uploads\/2025\/07\/25-07-23-10-14-59-4215-1020x765.jpg 1020w, https:\/\/domovraspenava.cz\/wp-content\/uploads\/2025\/07\/25-07-23-10-14-59-4215-768x576.jpg 768w, https:\/\/domovraspenava.cz\/wp-content\/uploads\/2025\/07\/25-07-23-10-14-59-4215-1536x1152.jpg 1536w, https:\/\/domovraspenava.cz\/wp-content\/uploads\/2025\/07\/25-07-23-10-14-59-4215-2048x1536.jpg 2048w, https:\/\/domovraspenava.cz\/wp-content\/uploads\/2025\/07\/25-07-23-10-14-59-4215-500x375.jpg 500w, https:\/\/domovraspenava.cz\/wp-content\/uploads\/2025\/07\/25-07-23-10-14-59-4215-800x600.jpg 800w, https:\/\/domovraspenava.cz\/wp-content\/uploads\/2025\/07\/25-07-23-10-14-59-4215-1280x960.jpg 1280w\" data-vp-popup-img-size=\"1920x1440\" data-vp-popup-md-img=\"https:\/\/domovraspenava.cz\/wp-content\/uploads\/2025\/07\/25-07-23-10-14-59-4215-800x600.jpg\" data-vp-popup-md-img-size=\"800x600\" data-vp-popup-sm-img=\"https:\/\/domovraspenava.cz\/wp-content\/uploads\/2025\/07\/25-07-23-10-14-59-4215-500x375.jpg\" data-vp-popup-sm-img-size=\"500x375\">\n\t<\/template>\n\t\t\t\t\t\t<figure class=\"vp-portfolio__item\">\n\t\t\t\t\n<div class=\"vp-portfolio__item-img-wrap\">\n\t<div class=\"vp-portfolio__item-img\">\n\t\t\t<a\n\t\thref=\"https:\/\/domovraspenava.cz\/wp-content\/uploads\/2025\/07\/25-07-23-10-14-59-4215-1920x1440.jpg\"\n\t\taria-label=\"Open image\" \t>\n\t\n\t\t<img fetchpriority=\"high\" decoding=\"async\" width=\"1920\" height=\"1440\" src=\"https:\/\/domovraspenava.cz\/wp-content\/uploads\/2025\/07\/25-07-23-10-14-59-4215-1920x1440.jpg\" class=\"wp-image-8135\" alt=\"\" srcset=\"https:\/\/domovraspenava.cz\/wp-content\/uploads\/2025\/07\/25-07-23-10-14-59-4215-1920x1440.jpg 1920w, https:\/\/domovraspenava.cz\/wp-content\/uploads\/2025\/07\/25-07-23-10-14-59-4215-632x474.jpg 632w, https:\/\/domovraspenava.cz\/wp-content\/uploads\/2025\/07\/25-07-23-10-14-59-4215-1020x765.jpg 1020w, https:\/\/domovraspenava.cz\/wp-content\/uploads\/2025\/07\/25-07-23-10-14-59-4215-768x576.jpg 768w, https:\/\/domovraspenava.cz\/wp-content\/uploads\/2025\/07\/25-07-23-10-14-59-4215-1536x1152.jpg 1536w, https:\/\/domovraspenava.cz\/wp-content\/uploads\/2025\/07\/25-07-23-10-14-59-4215-2048x1536.jpg 2048w, https:\/\/domovraspenava.cz\/wp-content\/uploads\/2025\/07\/25-07-23-10-14-59-4215-500x375.jpg 500w, https:\/\/domovraspenava.cz\/wp-content\/uploads\/2025\/07\/25-07-23-10-14-59-4215-800x600.jpg 800w, https:\/\/domovraspenava.cz\/wp-content\/uploads\/2025\/07\/25-07-23-10-14-59-4215-1280x960.jpg 1280w\" sizes=\"(max-width: 1920px) 100vw, 1920px\" \/>\n\t\t<div class=\"vp-portfolio__item-overlay\">\n\t\t\t\t\t<\/div>\n\n\t\t<\/a>\t<\/div>\n<\/div>\n\n\t\t\t<\/figure>\n\t\t\t\t\t<\/div>\n\t\t\n\t\t<div\t\tclass=\"vp-portfolio__item-wrap vp-portfolio__item-uid-6807b3d6\" data-vp-filter=\"\" \t\t>\n\t\t\t<template class=\"vp-portfolio__item-popup\" data-vp-popup-img=\"https:\/\/domovraspenava.cz\/wp-content\/uploads\/2025\/07\/IMG-20250716-WA0013.jpg\" data-vp-popup-img-srcset=\"https:\/\/domovraspenava.cz\/wp-content\/uploads\/2025\/07\/IMG-20250716-WA0013.jpg 1601w, https:\/\/domovraspenava.cz\/wp-content\/uploads\/2025\/07\/IMG-20250716-WA0013-632x808.jpg 632w, https:\/\/domovraspenava.cz\/wp-content\/uploads\/2025\/07\/IMG-20250716-WA0013-1020x1305.jpg 1020w, https:\/\/domovraspenava.cz\/wp-content\/uploads\/2025\/07\/IMG-20250716-WA0013-768x982.jpg 768w, https:\/\/domovraspenava.cz\/wp-content\/uploads\/2025\/07\/IMG-20250716-WA0013-1201x1536.jpg 1201w, https:\/\/domovraspenava.cz\/wp-content\/uploads\/2025\/07\/IMG-20250716-WA0013-500x640.jpg 500w, https:\/\/domovraspenava.cz\/wp-content\/uploads\/2025\/07\/IMG-20250716-WA0013-800x1023.jpg 800w, https:\/\/domovraspenava.cz\/wp-content\/uploads\/2025\/07\/IMG-20250716-WA0013-1280x1637.jpg 1280w\" data-vp-popup-img-size=\"1601x2048\" data-vp-popup-md-img=\"https:\/\/domovraspenava.cz\/wp-content\/uploads\/2025\/07\/IMG-20250716-WA0013-800x1023.jpg\" data-vp-popup-md-img-size=\"800x1023\" data-vp-popup-sm-img=\"https:\/\/domovraspenava.cz\/wp-content\/uploads\/2025\/07\/IMG-20250716-WA0013-500x640.jpg\" data-vp-popup-sm-img-size=\"500x640\">\n\t<\/template>\n\t\t\t\t\t\t<figure class=\"vp-portfolio__item\">\n\t\t\t\t\n<div class=\"vp-portfolio__item-img-wrap\">\n\t<div class=\"vp-portfolio__item-img\">\n\t\t\t<a\n\t\thref=\"https:\/\/domovraspenava.cz\/wp-content\/uploads\/2025\/07\/IMG-20250716-WA0013.jpg\"\n\t\taria-label=\"Open image\" \t>\n\t\n\t\t<img decoding=\"async\" width=\"1601\" height=\"2048\" src=\"https:\/\/domovraspenava.cz\/wp-content\/uploads\/2025\/07\/IMG-20250716-WA0013.jpg\" class=\"wp-image-8142\" alt=\"\" srcset=\"https:\/\/domovraspenava.cz\/wp-content\/uploads\/2025\/07\/IMG-20250716-WA0013.jpg 1601w, https:\/\/domovraspenava.cz\/wp-content\/uploads\/2025\/07\/IMG-20250716-WA0013-632x808.jpg 632w, https:\/\/domovraspenava.cz\/wp-content\/uploads\/2025\/07\/IMG-20250716-WA0013-1020x1305.jpg 1020w, https:\/\/domovraspenava.cz\/wp-content\/uploads\/2025\/07\/IMG-20250716-WA0013-768x982.jpg 768w, https:\/\/domovraspenava.cz\/wp-content\/uploads\/2025\/07\/IMG-20250716-WA0013-1201x1536.jpg 1201w, https:\/\/domovraspenava.cz\/wp-content\/uploads\/2025\/07\/IMG-20250716-WA0013-500x640.jpg 500w, https:\/\/domovraspenava.cz\/wp-content\/uploads\/2025\/07\/IMG-20250716-WA0013-800x1023.jpg 800w, https:\/\/domovraspenava.cz\/wp-content\/uploads\/2025\/07\/IMG-20250716-WA0013-1280x1637.jpg 1280w\" sizes=\"(max-width: 1601px) 100vw, 1601px\" \/>\n\t\t<div class=\"vp-portfolio__item-overlay\">\n\t\t\t\t\t<\/div>\n\n\t\t<\/a>\t<\/div>\n<\/div>\n\n\t\t\t<\/figure>\n\t\t\t\t\t<\/div>\n\t\t\n\t\t<div\t\tclass=\"vp-portfolio__item-wrap vp-portfolio__item-uid-58a0f990\" data-vp-filter=\"\" \t\t>\n\t\t\t<template class=\"vp-portfolio__item-popup\" data-vp-popup-img=\"https:\/\/domovraspenava.cz\/wp-content\/uploads\/2025\/07\/IMG-20250714-WA0041.jpg\" data-vp-popup-img-srcset=\"https:\/\/domovraspenava.cz\/wp-content\/uploads\/2025\/07\/IMG-20250714-WA0041.jpg 1348w, https:\/\/domovraspenava.cz\/wp-content\/uploads\/2025\/07\/IMG-20250714-WA0041-632x418.jpg 632w, https:\/\/domovraspenava.cz\/wp-content\/uploads\/2025\/07\/IMG-20250714-WA0041-1020x675.jpg 1020w, https:\/\/domovraspenava.cz\/wp-content\/uploads\/2025\/07\/IMG-20250714-WA0041-768x508.jpg 768w, https:\/\/domovraspenava.cz\/wp-content\/uploads\/2025\/07\/IMG-20250714-WA0041-500x331.jpg 500w, https:\/\/domovraspenava.cz\/wp-content\/uploads\/2025\/07\/IMG-20250714-WA0041-800x529.jpg 800w, https:\/\/domovraspenava.cz\/wp-content\/uploads\/2025\/07\/IMG-20250714-WA0041-1280x847.jpg 1280w\" data-vp-popup-img-size=\"1348x892\" data-vp-popup-md-img=\"https:\/\/domovraspenava.cz\/wp-content\/uploads\/2025\/07\/IMG-20250714-WA0041-800x529.jpg\" data-vp-popup-md-img-size=\"800x529\" data-vp-popup-sm-img=\"https:\/\/domovraspenava.cz\/wp-content\/uploads\/2025\/07\/IMG-20250714-WA0041-500x331.jpg\" data-vp-popup-sm-img-size=\"500x331\">\n\t<\/template>\n\t\t\t\t\t\t<figure class=\"vp-portfolio__item\">\n\t\t\t\t\n<div class=\"vp-portfolio__item-img-wrap\">\n\t<div class=\"vp-portfolio__item-img\">\n\t\t\t<a\n\t\thref=\"https:\/\/domovraspenava.cz\/wp-content\/uploads\/2025\/07\/IMG-20250714-WA0041.jpg\"\n\t\taria-label=\"Open image\" \t>\n\t\n\t\t<img decoding=\"async\" width=\"1348\" height=\"892\" src=\"https:\/\/domovraspenava.cz\/wp-content\/uploads\/2025\/07\/IMG-20250714-WA0041.jpg\" class=\"wp-image-8143\" alt=\"\" srcset=\"https:\/\/domovraspenava.cz\/wp-content\/uploads\/2025\/07\/IMG-20250714-WA0041.jpg 1348w, https:\/\/domovraspenava.cz\/wp-content\/uploads\/2025\/07\/IMG-20250714-WA0041-632x418.jpg 632w, https:\/\/domovraspenava.cz\/wp-content\/uploads\/2025\/07\/IMG-20250714-WA0041-1020x675.jpg 1020w, https:\/\/domovraspenava.cz\/wp-content\/uploads\/2025\/07\/IMG-20250714-WA0041-768x508.jpg 768w, https:\/\/domovraspenava.cz\/wp-content\/uploads\/2025\/07\/IMG-20250714-WA0041-500x331.jpg 500w, https:\/\/domovraspenava.cz\/wp-content\/uploads\/2025\/07\/IMG-20250714-WA0041-800x529.jpg 800w, https:\/\/domovraspenava.cz\/wp-content\/uploads\/2025\/07\/IMG-20250714-WA0041-1280x847.jpg 1280w\" sizes=\"(max-width: 1348px) 100vw, 1348px\" \/>\n\t\t<div class=\"vp-portfolio__item-overlay\">\n\t\t\t\t\t<\/div>\n\n\t\t<\/a>\t<\/div>\n<\/div>\n\n\t\t\t<\/figure>\n\t\t\t\t\t<\/div>\n\t\t\n<\/div>\n\t\t<\/div>\n\t\t\n<\/div>\n<\/div>\n\n\n<p><\/p>\n\n\n\n<p class=\"has-medium-font-size\"><strong>Provozn\u00ed doba: slu\u017eba je poskytov\u00e1na nep\u0159etr\u017eit\u011b.<\/strong><\/p>\n\n\n\n<p class=\"has-text-align-justify has-medium-font-size\"><em>Krom\u011b ubytov\u00e1n\u00ed, stravov\u00e1n\u00ed a podpory v rozvoji sob\u011bsta\u010dnosti zaji\u0161\u0165uje slu\u017eba tak\u00e9 vzd\u011bl\u00e1v\u00e1n\u00ed v b\u011b\u017en\u00e9m prost\u0159ed\u00ed, v\u00fdchovu sm\u011b\u0159uj\u00edc\u00ed k vz\u00e1jemn\u00e9mu respektu, veden\u00ed k vn\u00edm\u00e1n\u00ed pr\u00e1v i povinnost\u00ed \u010dlov\u011bka jako sou\u010d\u00e1sti spole\u010dnosti. Z\u00e1kladn\u00edm pil\u00ed\u0159em poskytovan\u00e9 slu\u017eby je vytv\u00e1\u0159en\u00ed atmosf\u00e9ry a podm\u00ednek domova, podn\u011btn\u00e9ho prost\u0159ed\u00ed pro fyzick\u00fd, kognitivn\u00ed i soci\u00e1ln\u00ed rozvoj klient\u016f a pro jejich spokojen\u00fd a smyslupln\u00fd \u017eivot.<\/em><\/p>\n\n\n\n<p class=\"has-text-align-justify has-medium-font-size\"><strong><em>Kapacita slu\u017eby Domov pro osoby se zdravotn\u00edm posti\u017een\u00edm je 29 klient\u016f. <\/em><\/strong><em>Z\u00e1jemce o slu\u017ebu p\u0159ij\u00edm\u00e1me s ohledem na jejich pot\u0159ebnou m\u00edru podpory na konkr\u00e9tn\u00ed odd\u011blen\u00ed (odd\u011blen\u00ed pro d\u011bti s autismem, odd\u011blen\u00ed pro imobiln\u00ed klienty a odd\u011blen\u00ed pro d\u011bti s vy\u0161\u0161\u00ed m\u00edrou sob\u011bsta\u010dnosti \u2013 Byty). V praxi to znamen\u00e1, \u017ee i kdy\u017e je voln\u00e1 kapacita ve slu\u017eb\u011b, nemus\u00ed b\u00fdt m\u00edsto na tom odd\u011blen\u00ed, kter\u00e9 vyhovuje pot\u0159eb\u00e1m z\u00e1jemce o slu\u017ebu.<\/em><\/p>\n\n\n\n<div class=\"wp-block-columns is-layout-flex wp-container-core-columns-is-layout-1 wp-block-columns-is-layout-flex\">\n<div class=\"wp-block-column is-layout-flow wp-block-column-is-layout-flow\">\n<p class=\"has-medium-font-size\">\u017d\u00e1dost o p\u0159ijet\u00ed do slu\u017eby lze st\u00e1hnout zde:<\/p>\n\n\n\n<div class=\"wp-block-buttons is-layout-flex wp-block-buttons-is-layout-flex\">\n<div class=\"wp-block-button has-custom-font-size\" style=\"font-size:15px\"><a class=\"wp-block-button__link has-background wp-element-button\" href=\"http:\/\/domovraspenava.cz\/wp-content\/uploads\/2024\/02\/Zadost-o-poskytovani-socialni-sluzby.doc\" style=\"background-color:#056095\" target=\"_blank\" rel=\"noreferrer noopener\">\u017d\u00e1dost DOZP<\/a><\/div>\n<\/div>\n<\/div>\n\n\n\n<div class=\"wp-block-column is-layout-flow wp-block-column-is-layout-flow\">\n<div class=\"wp-block-buttons is-layout-flex wp-block-buttons-is-layout-flex\"><\/div>\n<\/div>\n<\/div>\n\n\n\n<p class=\"has-text-align-justify has-medium-font-size\"><strong><em>Slu\u017eba obsahuje tyto z\u00e1kladn\u00ed \u010dinnosti: <\/em><\/strong><em>poskytnut\u00ed ubytov\u00e1n\u00ed, stravy, pomoc p\u0159i zvl\u00e1d\u00e1n\u00ed b\u011b\u017en\u00fdch \u00fakon\u016f p\u00e9\u010de o vlastn\u00ed osobu, pomoc p\u0159i osobn\u00ed hygien\u011b, nebo poskytnut\u00ed podm\u00ednek pro osobn\u00ed hygienu, v\u00fdchovn\u011b vzd\u011bl\u00e1vac\u00ed a aktiviza\u010dn\u00ed \u010dinnosti, zprost\u0159edkov\u00e1n\u00ed kontaktu se spole\u010densk\u00fdm prost\u0159ed\u00edm, soci\u00e1ln\u011b terapeutick\u00e9 \u010dinnosti, pomoc p\u0159i uplat\u0148ov\u00e1n\u00ed pr\u00e1v, opr\u00e1vn\u011bn\u00fdch z\u00e1jm\u016f a p\u0159i obstar\u00e1v\u00e1n\u00ed osobn\u00edch z\u00e1le\u017eitost\u00ed.<\/em><\/p>\n\n\n\n<h3 class=\"wp-block-heading\" id=\"zajisteni-vzdelani-0ff29d46-b4e3-49f6-ad8d-20603d289d86\">Zaji\u0161t\u011bn\u00ed vzd\u011bl\u00e1n\u00ed:<\/h3>\n\n\n\n<p class=\"has-medium-font-size\"><em>D\u011bti p\u0159ed\u0161koln\u00edho v\u011bku \u2013 V\u00fdchovn\u00e1 \u010dinnost je zaji\u0161t\u011bna pracovn\u00edky domova podle individu\u00e1ln\u00edch pl\u00e1n\u016f, p\u0159\u00edpadn\u011b integrac\u00ed do p\u0159ed\u0161koln\u00edho za\u0159\u00edzen\u00ed \u2013 M\u0160.<\/em><\/p>\n\n\n\n<p class=\"has-text-align-justify has-medium-font-size\"><em>D\u011bti a ml\u00e1de\u017e \u0161koln\u00edho v\u011bku \u2013 Vzd\u011bl\u00e1v\u00e1n\u00ed je zaji\u0161t\u011bno pravidelnou doch\u00e1zkou do Z\u00e1kladn\u00ed \u0161koly Raspenava \u2013 t\u0159\u00edda rehabilita\u010dn\u00ed, speci\u00e1ln\u00ed nebo praktick\u00e1, p\u0159\u00edpadn\u011b jinou formou vzd\u011bl\u00e1v\u00e1n\u00ed podle individu\u00e1ln\u00edch vzd\u011bl\u00e1vac\u00edch program\u016f garantovan\u00fdch Z\u0160.<\/em><\/p>\n\n\n\n<p class=\"has-text-align-justify has-medium-font-size\"><em>Klienti po ukon\u010den\u00ed \u0161koln\u00ed doch\u00e1zky \u2013 Nab\u00eddka pracovn\u00ed terapie v d\u00edln\u00e1ch \u2013 pr\u00e1ce s keramickou hl\u00ednou, tkan\u00ed, malov\u00e1n\u00ed, pr\u00e1ce se d\u0159evem, kav\u00e1rna, a podobn\u011b.<\/em><\/p>\n\n\n\n<p class=\"has-text-align-center\"><a href=\"http:\/\/domovraspenava.cz\/wp-content\/uploads\/2025\/02\/Garantovana-nabidka-sluzeb-DOZP.pdf\" target=\"_blank\" rel=\"noreferrer noopener\"><em><strong>Garantovan\u00e1 nab\u00eddka slu\u017eeb DOZP ke sta\u017een\u00ed:<\/strong><\/em><\/a><\/p>\n\n\n<div class=\"wp-block-image\">\n<figure class=\"aligncenter size-vp_sm\"><a href=\"http:\/\/domovraspenava.cz\/wp-content\/uploads\/2025\/02\/Garantovana-nabidka-sluzeb-DOZP.pdf\" target=\"_blank\" rel=\"noreferrer noopener\"><img loading=\"lazy\" decoding=\"async\" width=\"500\" height=\"707\" src=\"https:\/\/domovraspenava.cz\/wp-content\/uploads\/2025\/02\/img20250226_06131012-500x707.png\" alt=\"\" class=\"wp-image-7930\" srcset=\"https:\/\/domovraspenava.cz\/wp-content\/uploads\/2025\/02\/img20250226_06131012-500x707.png 500w, https:\/\/domovraspenava.cz\/wp-content\/uploads\/2025\/02\/img20250226_06131012-632x893.png 632w, https:\/\/domovraspenava.cz\/wp-content\/uploads\/2025\/02\/img20250226_06131012-1020x1442.png 1020w, https:\/\/domovraspenava.cz\/wp-content\/uploads\/2025\/02\/img20250226_06131012-768x1085.png 768w, https:\/\/domovraspenava.cz\/wp-content\/uploads\/2025\/02\/img20250226_06131012-1087x1536.png 1087w, https:\/\/domovraspenava.cz\/wp-content\/uploads\/2025\/02\/img20250226_06131012-1449x2048.png 1449w, https:\/\/domovraspenava.cz\/wp-content\/uploads\/2025\/02\/img20250226_06131012-800x1131.png 800w, https:\/\/domovraspenava.cz\/wp-content\/uploads\/2025\/02\/img20250226_06131012-1280x1809.png 1280w, https:\/\/domovraspenava.cz\/wp-content\/uploads\/2025\/02\/img20250226_06131012-1920x2714.png 1920w\" sizes=\"(max-width: 500px) 100vw, 500px\" \/><\/a><\/figure><\/div>\n\n\n<div class=\"wp-block-buttons is-layout-flex wp-block-buttons-is-layout-flex\"><\/div>\n\n\n\n<p><\/p>\n\n\n\n<p><\/p>\n\n\n\n<div class=\"wp-block-advgb-image advgb-image-block image-wrap full-width advgb-lightbox advgb-img-def8c4a9-6780-4cf4-8334-d093aa33c0a7\" style=\"width:100%;height:791px\"><div class=\"advgb-image-wrapper\" style=\"justify-content:center;align-items:center\"><img decoding=\"async\" src=\"http:\/\/domovraspenava.cz\/wp-content\/uploads\/2025\/07\/DSC_0075a-1-scaled.jpg\" alt=\"\" class=\"advgb-image\" style=\"width:100%;height:791px;object-position:50% 50%\" data-image=\"http:\/\/domovraspenava.cz\/wp-content\/uploads\/2025\/07\/DSC_0075a-1-scaled.jpg\"\/><a class=\"advgb-image-overlay\" style=\"background-color:#000\" target=\"_blank\" rel=\"noopener noreferrer\"><\/a><div class=\"advgb-image-caption-wrap\"><\/div><\/div><\/div>\n\n\n\n<p><br><\/p>\n\n\n\n<p><br><\/p>\n<style class=\"advgb-styles-renderer\">.advgb-img-def8c4a9-6780-4cf4-8334-d093aa33c0a7.advgb-image-block .advgb-image-overlay{opacity:0.01 !important;}.advgb-img-def8c4a9-6780-4cf4-8334-d093aa33c0a7.advgb-image-block:hover .advgb-image-overlay{opacity:0.2 !important;}<\/style>","protected":false},"excerpt":{"rendered":"<p>Domov pro osoby se zdravotn\u00edm posti\u017een\u00edm (DOZP) poskytuje celoro\u010dn\u00ed pobytovou soci\u00e1ln\u00ed slu\u017ebu osob\u00e1m s ment\u00e1ln\u00edm, s kombinovan\u00fdm ment\u00e1ln\u00edm a t\u011blesn\u00fdm posti\u017een\u00edm, ment\u00e1ln\u00edm a smyslov\u00fdm posti\u017een\u00edm a osob\u00e1m s poruchami autistick\u00e9ho spektra (PAS) Soci\u00e1ln\u00ed slu\u017eba DOZP je poskytov\u00e1na klient\u016fm, kte\u0159\u00ed nemohou <span class=\"excerpt-dots\">&hellip;<\/span> <a class=\"more-link\" href=\"https:\/\/domovraspenava.cz\/?page_id=4504\"><span class=\"more-msg\">Pokra\u010dovat ve \u010dten\u00ed &rarr;<\/span><\/a><\/p>\n","protected":false},"author":7,"featured_media":0,"parent":6228,"menu_order":1,"comment_status":"closed","ping_status":"closed","template":"","meta":{"_acf_changed":false,"advgb_blocks_editor_width":"","advgb_blocks_columns_visual_guide":"","ngg_post_thumbnail":0,"_vp_format_video_url":"","_vp_image_focal_point":[],"footnotes":""},"class_list":["post-4504","page","type-page","status-publish","hentry"],"acf":[],"coauthors":[],"author_meta":{"author_link":"https:\/\/domovraspenava.cz\/?author=7","display_name":""},"relative_dates":{"created":"Posted 7 roky ago","modified":"Updated 9 m\u011bs\u00edc\u016f ago"},"absolute_dates":{"created":"Posted on 24.4.2019","modified":"Updated on 24.7.2025"},"absolute_dates_time":{"created":"Posted on 24.4.2019 11:39","modified":"Updated on 24.7.2025 9:08"},"featured_img_caption":"","featured_img":false,"series_order":"","wpmagazine_modules_lite_featured_media_urls":{"thumbnail":"","cvmm-medium":"","cvmm-medium-plus":"","cvmm-portrait":"","cvmm-medium-square":"","cvmm-large":"","cvmm-small":"","full":""},"categories_names":null,"comments_number":"0","_links":{"self":[{"href":"https:\/\/domovraspenava.cz\/index.php?rest_route=\/wp\/v2\/pages\/4504","targetHints":{"allow":["GET"]}}],"collection":[{"href":"https:\/\/domovraspenava.cz\/index.php?rest_route=\/wp\/v2\/pages"}],"about":[{"href":"https:\/\/domovraspenava.cz\/index.php?rest_route=\/wp\/v2\/types\/page"}],"author":[{"embeddable":true,"href":"https:\/\/domovraspenava.cz\/index.php?rest_route=\/wp\/v2\/users\/7"}],"replies":[{"embeddable":true,"href":"https:\/\/domovraspenava.cz\/index.php?rest_route=%2Fwp%2Fv2%2Fcomments&post=4504"}],"version-history":[{"count":26,"href":"https:\/\/domovraspenava.cz\/index.php?rest_route=\/wp\/v2\/pages\/4504\/revisions"}],"predecessor-version":[{"id":8144,"href":"https:\/\/domovraspenava.cz\/index.php?rest_route=\/wp\/v2\/pages\/4504\/revisions\/8144"}],"up":[{"embeddable":true,"href":"https:\/\/domovraspenava.cz\/index.php?rest_route=\/wp\/v2\/pages\/6228"}],"wp:attachment":[{"href":"https:\/\/domovraspenava.cz\/index.php?rest_route=%2Fwp%2Fv2%2Fmedia&parent=4504"}],"curies":[{"name":"wp","href":"https:\/\/api.w.org\/{rel}","templated":true}]}}