{"id":4237,"date":"2019-02-06T09:56:57","date_gmt":"2019-02-06T08:56:57","guid":{"rendered":"http:\/\/domovraspenava.cz\/?page_id=4237"},"modified":"2025-09-02T12:58:53","modified_gmt":"2025-09-02T10:58:53","slug":"zkouska","status":"publish","type":"page","link":"https:\/\/domovraspenava.cz\/?page_id=4237","title":{"rendered":"Kontaktn\u00ed informace"},"content":{"rendered":"\n<table class=\"wp-block-advgb-table advgb-table-frontend is-style-stripes\" style=\"table-layout:fixed\"><tbody><tr><td>n\u00e1zev:<\/td><td><strong>Domov Raspenava, p\u0159\u00edsp\u011bvkov\u00e1 organizace<\/strong><\/td><\/tr><tr><td>adresa:<\/td><td><strong>Fu\u010d\u00edkova 432, 463 61  Raspenava<\/strong><\/td><\/tr><tr><td>telefon:<\/td><td><strong>+420 482 319 102 (v\u0161edn\u00ed dny  6:00-14:30)<\/strong><\/td><\/tr><tr><td>mobil:<\/td><td><strong>+420 723 157 350 (mimo \u00fa\u0159edn\u00ed hodiny)<\/strong><\/td><\/tr><tr><td>email:<\/td><td><strong>info@domovraspenava.cz<\/strong><\/td><\/tr><tr><td>I\u010c:<\/td><td><strong>712 200 89<\/strong><\/td><\/tr><tr><td>bankovn\u00ed spojen\u00ed:<\/td><td><strong>78-6239360267\/0100<\/strong><\/td><\/tr><tr><td>datov\u00e1 schr\u00e1nka:<\/td><td><strong>gxaki64<\/strong><\/td><\/tr><tr><td>z\u0159izovatel:<\/td><td><a href=\"https:\/\/www.kraj-lbc.cz\/\" target=\"_blank\" rel=\"noreferrer noopener\"><strong>Libereck\u00fd kraj<\/strong><\/a><\/td><\/tr><\/tbody><\/table>\n\n\n\n<p><\/p>\n\n\n\n<hr class=\"wp-block-separator has-text-color has-alpha-channel-opacity has-background is-style-wide\" style=\"background-color:#356784;color:#356784\"\/>\n\n\n\n<p><\/p>\n\n\n\n<table class=\"wp-block-advgb-table advgb-table-frontend is-style-stripes\" style=\"max-width:1999px\"><tbody><tr><td style=\"border-style:dotted\"><strong>PhDr. Kv\u011bta Kut\u00edlkov\u00e1<\/strong><\/td><td style=\"border-style:dotted\">\u0159editelka organizace<\/td><td><strong>+420 723 157 350<\/strong><\/td><td style=\"border-style:dotted\"><a href=\"mailto:reditel@domovraspenava.cz\" target=\"_blank\" rel=\"noreferrer noopener\">reditel@domovraspenava.cz<\/a><\/td><\/tr><tr><td style=\"border-style:dotted\"><strong>Jana Sojkov\u00e1, DiS<\/strong><\/td><td style=\"border-style:dotted\">soci\u00e1ln\u00ed pracovnice<\/td><td><strong>+420 778 760 090<\/strong><\/td><td style=\"border-style:dotted\"><a href=\"mailto:socialni@domovraspenava.cz\" target=\"_blank\" rel=\"noreferrer noopener\">socialni@domovraspenava.cz<\/a><\/td><\/tr><tr><td><strong>Radka Dost\u00e1lov\u00e1, DiS<\/strong><\/td><td>vedouc\u00ed cvi\u010dn\u00fdch byt\u016f a bytu \u010d. 3<\/td><td><strong>+420 778 705 333<\/strong><\/td><td><a href=\"mailto:vedouci.byty@domovraspenava.cz\" target=\"_blank\" rel=\"noreferrer noopener\">vedouci.byty@domovraspenava.cz<\/a><\/td><\/tr><tr><td><strong>Mgr. Radka Miltov\u00e1<\/strong><\/td><td>vedouc\u00ed soc.terapeutick\u00fdch d\u00edlen<\/td><td><strong>+420 775 954 822<\/strong><\/td><td><a rel=\"noreferrer noopener\" href=\"mailto:kavarnaraspenava@gmail.com\" target=\"_blank\">kavarnaraspenava@gmail.com<\/a><\/td><\/tr><tr><td><strong>Bc. Hana Knoblochov\u00e1<\/strong><\/td><td>vedouc\u00ed odd\u011blen\u00ed PAS a bytu \u010d. 1<\/td><td><strong>+420 773 511 307<\/strong><\/td><td><a href=\"mailto:vedouci.pas@domovraspenava.cz\" target=\"_blank\" rel=\"noreferrer noopener\">vedouci.pas@domovraspenava.cz<\/a><\/td><\/tr><tr><td><strong>Hana Sochov\u00e1<\/strong><\/td><td>zdravotnice<\/td><td><strong>+420 778 736 626<\/strong><\/td><td><a href=\"mailto:zdravotnik@domovraspenava.cz\" target=\"_blank\" rel=\"noreferrer noopener\">zdravotnik@domovraspenava.cz<\/a><\/td><\/tr><tr><td><strong>Ing. Lucie Mart\u00ednkov\u00e1<\/strong><\/td><td>ekonom, rozpo\u010dt\u00e1\u0159<\/td><td><strong>+420 770 137 730<\/strong><\/td><td><a href=\"mailto:ekonom@domovraspenava.cz\" target=\"_blank\" rel=\"noreferrer noopener\">ekonom@domovraspenava.cz<\/a><\/td><\/tr><tr><td><strong>Bc. Jaroslava Melichov\u00e1<\/strong><\/td><td>personalistika a mzdy<\/td><td><strong>+420 770 137 730<\/strong><\/td><td><a href=\"mailto:mzdy@domovraspenava.cz\" target=\"_blank\" rel=\"noreferrer noopener\">mzdy@domovraspenava.cz<\/a><\/td><\/tr><tr><td><strong>Michaela Posp\u00ed\u0161ilov\u00e1<\/strong><\/td><td>BOZP+PO, stravovac\u00ed provoz<\/td><td><strong>+420 724 034 304<\/strong><\/td><td><a href=\"mailto:provoz@domovraspenava.cz\" target=\"_blank\" rel=\"noreferrer noopener\">provoz@domovraspenava.cz<\/a><\/td><\/tr><\/tbody><\/table>\n\n\n\n<p style=\"font-size:30px\"><\/p>\n\n\n<div id=\"wpgmza_map_1\" class=\"wpgmza_map wpgmza-auto-left\" style=\"display:block;width:100%;height:400px;overflow:hidden;position:relative;\" data-map-id=\"1\" data-maps-engine=\"google-maps\" data-build-engine=\"atlas-novus\" data-shortcode-attributes=\"{&quot;id&quot;:&quot;1&quot;,&quot;zoom&quot;:false,&quot;width&quot;:false,&quot;height&quot;:false,&quot;marker&quot;:false,&quot;classname&quot;:false}\" data-settings=\"{&quot;map_title&quot;:&quot;My first map&quot;,&quot;map_width&quot;:&quot;100&quot;,&quot;map_height&quot;:&quot;400&quot;,&quot;map_start_lat&quot;:&quot;50.900731&quot;,&quot;map_start_lng&quot;:&quot;15.132677&quot;,&quot;map_start_location&quot;:&quot;50.90073144358128,15.132677340880036&quot;,&quot;map_start_zoom&quot;:&quot;18&quot;,&quot;default_marker&quot;:&quot;0&quot;,&quot;type&quot;:&quot;1&quot;,&quot;alignment&quot;:&quot;2&quot;,&quot;directions_enabled&quot;:&quot;1&quot;,&quot;styling_enabled&quot;:&quot;0&quot;,&quot;styling_json&quot;:&quot;&quot;,&quot;active&quot;:&quot;0&quot;,&quot;kml&quot;:&quot;&quot;,&quot;bicycle&quot;:&quot;0&quot;,&quot;traffic&quot;:&quot;0&quot;,&quot;dbox&quot;:&quot;1&quot;,&quot;dbox_width&quot;:&quot;250&quot;,&quot;listmarkers&quot;:&quot;0&quot;,&quot;listmarkers_advanced&quot;:&quot;0&quot;,&quot;filterbycat&quot;:&quot;0&quot;,&quot;ugm_enabled&quot;:&quot;0&quot;,&quot;ugm_category_enabled&quot;:&quot;0&quot;,&quot;fusion&quot;:&quot;&quot;,&quot;map_width_type&quot;:&quot;%&quot;,&quot;map_height_type&quot;:&quot;px&quot;,&quot;mass_marker_support&quot;:&quot;1&quot;,&quot;ugm_access&quot;:&quot;0&quot;,&quot;order_markers_by&quot;:&quot;0&quot;,&quot;order_markers_choice&quot;:&quot;0&quot;,&quot;show_user_location&quot;:&quot;0&quot;,&quot;default_to&quot;:&quot;&quot;,&quot;store_locator_enabled&quot;:true,&quot;store_locator_distance&quot;:true,&quot;store_locator_default_radius&quot;:10,&quot;store_locator_not_found_message&quot;:&quot;&quot;,&quot;store_locator_bounce&quot;:1,&quot;store_locator_query_string&quot;:&quot;&quot;,&quot;store_locator_default_address&quot;:&quot;&quot;,&quot;wpgmza_store_locator_restrict&quot;:&quot;&quot;,&quot;store_locator_style&quot;:&quot;legacy&quot;,&quot;wpgmza_store_locator_radius_style&quot;:&quot;legacy&quot;,&quot;map_max_zoom&quot;:&quot;1&quot;,&quot;transport_layer&quot;:false,&quot;wpgmza_theme_data&quot;:&quot;&quot;,&quot;wpgmza_show_points_of_interest&quot;:1,&quot;wpgmza_auto_night&quot;:0,&quot;action&quot;:&quot;wpgmza_save_map&quot;,&quot;redirect_to&quot;:&quot;\\\/wp-admin\\\/admin-post.php&quot;,&quot;map_id&quot;:&quot;1&quot;,&quot;wpgmza_savemap&quot;:&quot;Ulo\\u017eit mapu&quot;,&quot;http_referer&quot;:&quot;\\\/wp-admin\\\/admin.php?page=wp-google-maps-menu&amp;amp;action=edit&amp;amp;map_id=1&quot;,&quot;wpgmza_id&quot;:&quot;1&quot;,&quot;wpgmza_start_location&quot;:&quot;50.900731,15.132677&quot;,&quot;wpgmza_start_zoom&quot;:&quot;18&quot;,&quot;wpgmza_map_align&quot;:&quot;1&quot;,&quot;store_locator_search_area&quot;:&quot;radial&quot;,&quot;wpgmza_store_locator_default_radius&quot;:&quot;10&quot;,&quot;store_locator_auto_area_max_zoom&quot;:&quot;&quot;,&quot;store_locator_component_anchor&quot;:&quot;0&quot;,&quot;wpgmza_store_locator_bounce&quot;:false,&quot;wpgmza_sl_animation&quot;:null,&quot;sl_stroke_color&quot;:&quot;&quot;,&quot;sl_stroke_opacity&quot;:&quot;&quot;,&quot;sl_fill_color&quot;:&quot;&quot;,&quot;sl_fill_opacity&quot;:&quot;&quot;,&quot;store_locator_location_placeholder&quot;:&quot;&quot;,&quot;store_locator_name_search&quot;:false,&quot;store_locator_name_string&quot;:&quot;&quot;,&quot;store_locator_show_distance&quot;:false,&quot;store_locator_category&quot;:false,&quot;wpgmza_store_locator_use_their_location&quot;:false,&quot;wpgmza_store_locator_hide_before_search&quot;:false,&quot;store_locator_nearby_searches&quot;:false,&quot;custom_tile_enabled&quot;:false,&quot;custom_tile_image&quot;:&quot;&quot;,&quot;custom_tile_image_width&quot;:&quot;&quot;,&quot;custom_tile_image_height&quot;:&quot;&quot;,&quot;custom_tile_image_attribution&quot;:&quot;&quot;,&quot;iw_primary_color&quot;:&quot;#000000&quot;,&quot;iw_accent_color&quot;:&quot;#000000&quot;,&quot;iw_text_color&quot;:&quot;#000000&quot;,&quot;close_infowindow_on_map_click&quot;:false,&quot;marker_share_links&quot;:false,&quot;wpgmza_listmarkers_by&quot;:&quot;0&quot;,&quot;marker_listing_component_anchor&quot;:null,&quot;marker_listing_component_auto_open&quot;:false,&quot;dataTable_pagination_style&quot;:null,&quot;category_filter_component_anchor&quot;:null,&quot;zoom_level_on_marker_listing_override&quot;:false,&quot;zoom_level_on_marker_listing_click&quot;:&quot;&quot;,&quot;marker_listing_disable_zoom&quot;:false,&quot;datatable_no_result_message&quot;:&quot;&quot;,&quot;remove_search_box_datables&quot;:false,&quot;datatable_search_string&quot;:&quot;&quot;,&quot;datatable_result_start&quot;:&quot;&quot;,&quot;datatable_result_of&quot;:&quot;&quot;,&quot;datatable_result_to&quot;:&quot;&quot;,&quot;datatable_result_total&quot;:&quot;&quot;,&quot;datatable_result_show&quot;:&quot;&quot;,&quot;datatable_result_entries&quot;:&quot;&quot;,&quot;category_legends_enabled&quot;:false,&quot;category_legends_component_anchor&quot;:null,&quot;jump_to_nearest_marker_on_initialization&quot;:false,&quot;click_open_link&quot;:false,&quot;wpgmza_zoom_on_marker_click&quot;:false,&quot;wpgmza_zoom_on_marker_click_slider&quot;:&quot;&quot;,&quot;polygon_labels&quot;:false,&quot;disable_polygon_info_windows&quot;:false,&quot;fit_maps_bounds_to_markers&quot;:false,&quot;fit_maps_bounds_to_markers_after_filtering&quot;:false,&quot;automatically_pan_to_users_location&quot;:false,&quot;override_users_location_zoom_level&quot;:false,&quot;override_users_location_zoom_levels&quot;:&quot;&quot;,&quot;show_distance_from_location&quot;:false,&quot;map_starts_in_streetview&quot;:false,&quot;map_starts_in_streetview_location&quot;:&quot;&quot;,&quot;map_starts_in_streetview_heading&quot;:&quot;&quot;,&quot;map_starts_in_streetview_pitch&quot;:&quot;&quot;,&quot;map_min_zoom&quot;:&quot;0&quot;,&quot;hide_point_of_interest&quot;:false,&quot;disable_lightbox_images&quot;:false,&quot;use_Raw_Jpeg_Coordinates&quot;:false,&quot;enable_marker_ratings&quot;:false,&quot;only_load_markers_within_viewport&quot;:false,&quot;id&quot;:1}\" >\n<div class='wpgmza-inner-stack top'><div class=\"wpgmza-store-locator\" data-id=\"1\">\r\n\t<div class=\"wpgmza-address-container\">\r\n\t\t<label class=\"wpgmza-address\" data-name=\"addressLabel\">PS\u010c \/ adresa:<\/label>\r\n\t\t<input class=\"wpgmza-address\" type=\"text\" placeholder=\"Pou\u017e\u00edt moji polohu\" autocomplete=\"off\" data-name=\"defaultAddress\" value=\"\" aria-label=\"PS\u010c \/ adresa:\">\r\n\t<\/div>\r\n\t\r\n\t<div class=\"wpgmza-radius-container\">\r\n\t\t<label class=\"wpgmza-radius\">\r\n\t\t\tPolom\u011br:\t\t<\/label>\r\n\t\t<select class=\"wpgmza-radius\" aria-label=\"Polom\u011br:\"><option class=\"wpgmza-radius wpgmza_sl_select_option\" value=\"1\">1mi<\/option><option class=\"wpgmza-radius wpgmza_sl_select_option\" value=\"5\">5mi<\/option><option class=\"wpgmza-radius wpgmza_sl_select_option\" value=\"10\" selected>10mi<\/option><option class=\"wpgmza-radius wpgmza_sl_select_option\" value=\"25\">25mi<\/option><option class=\"wpgmza-radius wpgmza_sl_select_option\" value=\"50\">50mi<\/option><option class=\"wpgmza-radius wpgmza_sl_select_option\" value=\"75\">75mi<\/option><option class=\"wpgmza-radius wpgmza_sl_select_option\" value=\"100\">100mi<\/option><option class=\"wpgmza-radius wpgmza_sl_select_option\" value=\"150\">150mi<\/option><option class=\"wpgmza-radius wpgmza_sl_select_option\" value=\"200\">200mi<\/option><option class=\"wpgmza-radius wpgmza_sl_select_option\" value=\"300\">300mi<\/option><\/select>\r\n\t<\/div>\r\n\r\n\t<svg width=\"40\" height=\"40\" viewbox=\"0 0 59 59\" fill=\"none\" xmlns=\"http:\/\/www.w3.org\/2000\/svg\" class=\"wpgmza-search wpgmza-aria-bridge\" title=\"Oblast vyhled\u00e1v\u00e1n\u00ed\" aria-label=\"Oblast vyhled\u00e1v\u00e1n\u00ed\" role=\"button\" tabindex=\"0\">\r\n\t\t<line x1=\"40.5183\" y1=\"40.5685\" x2=\"53.5685\" y2=\"53.6188\" stroke-width=\"7\" stroke-linecap=\"round\"><\/line>\r\n\t\t<circle cx=\"24.5\" cy=\"24.5\" r=\"21\" stroke-width=\"7\"><\/circle>\r\n\t<\/svg>\r\n\r\n\t<svg width=\"40\" height=\"40\" viewbox=\"0 0 60 60\" fill=\"none\" xmlns=\"http:\/\/www.w3.org\/2000\/svg\" class=\"wpgmza-loading\" role=\"status\">\r\n\t\t<mask id=\"path-1-inside-1\">\r\n\t\t\t<path d=\"M60 30C60 24.1471 58.2879 18.422 55.0747 13.53C51.8614 8.63797 47.2873 4.79275 41.9159 2.46799C36.5445 0.143228 30.6103 -0.55952 24.8445 0.446314C19.0786 1.45215 13.7329 4.12263 9.46589 8.12878L13.8401 12.7879C17.1982 9.6351 21.4051 7.53349 25.9427 6.74192C30.4803 5.95035 35.1503 6.5034 39.3775 8.33293C43.6047 10.1625 47.2044 13.1886 49.7332 17.0385C52.2619 20.8884 53.6093 25.3939 53.6093 30H60Z\"><\/path>\r\n\t\t<\/mask>\r\n\t\t<path d=\"M60 30C60 24.1471 58.2879 18.422 55.0747 13.53C51.8614 8.63797 47.2873 4.79275 41.9159 2.46799C36.5445 0.143228 30.6103 -0.55952 24.8445 0.446314C19.0786 1.45215 13.7329 4.12263 9.46589 8.12878L13.8401 12.7879C17.1982 9.6351 21.4051 7.53349 25.9427 6.74192C30.4803 5.95035 35.1503 6.5034 39.3775 8.33293C43.6047 10.1625 47.2044 13.1886 49.7332 17.0385C52.2619 20.8884 53.6093 25.3939 53.6093 30H60Z\" stroke-width=\"14\" stroke-linecap=\"round\" stroke-linejoin=\"round\" mask=\"url(#path-1-inside-1)\"><\/path>\r\n\t<\/svg>\r\n\r\n\r\n\t<svg width=\"40\" height=\"40\" viewbox=\"0 0 62 62\" fill=\"none\" xmlns=\"http:\/\/www.w3.org\/2000\/svg\" class=\"wpgmza-reset wpgmza-aria-bridge\" title=\"Resetovat\" aria-label=\"Resetovat\" role=\"button\" tabindex=\"0\">\r\n\t\t<line x1=\"4.94975\" y1=\"5\" x2=\"56.5685\" y2=\"56.6188\" stroke-width=\"7\" stroke-linecap=\"round\"><\/line>\r\n\t\t<line x1=\"5\" y1=\"56.6188\" x2=\"56.6188\" y2=\"5\" stroke-width=\"7\" stroke-linecap=\"round\"><\/line>\r\n\t<\/svg>\r\n\r\n\r\n\t\r\n\t<div class=\"wpgmza-error\"><\/div>\r\n<\/div><\/div><\/div>\n","protected":false},"excerpt":{"rendered":" <a class=\"more-link\" href=\"https:\/\/domovraspenava.cz\/?page_id=4237\"><span class=\"more-msg\">Pokra\u010dovat ve \u010dten\u00ed &rarr;<\/span><\/a>","protected":false},"author":2,"featured_media":0,"parent":0,"menu_order":0,"comment_status":"closed","ping_status":"closed","template":"","meta":{"_acf_changed":false,"advgb_blocks_editor_width":"large","advgb_blocks_columns_visual_guide":"","ngg_post_thumbnail":0,"_vp_format_video_url":"","_vp_image_focal_point":[],"footnotes":""},"class_list":["post-4237","page","type-page","status-publish","hentry"],"acf":[],"coauthors":[],"author_meta":{"author_link":"https:\/\/domovraspenava.cz\/?author=2","display_name":"Kate\u0159ina Zaj\u00ed\u010dkov\u00e1"},"relative_dates":{"created":"Posted 7 roky ago","modified":"Updated 8 m\u011bs\u00edc\u016f ago"},"absolute_dates":{"created":"Posted on 6.2.2019","modified":"Updated on 2.9.2025"},"absolute_dates_time":{"created":"Posted on 6.2.2019 9:56","modified":"Updated on 2.9.2025 12:58"},"featured_img_caption":"","featured_img":false,"series_order":"","wpmagazine_modules_lite_featured_media_urls":{"thumbnail":"","cvmm-medium":"","cvmm-medium-plus":"","cvmm-portrait":"","cvmm-medium-square":"","cvmm-large":"","cvmm-small":"","full":""},"categories_names":null,"comments_number":"0","_links":{"self":[{"href":"https:\/\/domovraspenava.cz\/index.php?rest_route=\/wp\/v2\/pages\/4237","targetHints":{"allow":["GET"]}}],"collection":[{"href":"https:\/\/domovraspenava.cz\/index.php?rest_route=\/wp\/v2\/pages"}],"about":[{"href":"https:\/\/domovraspenava.cz\/index.php?rest_route=\/wp\/v2\/types\/page"}],"author":[{"embeddable":true,"href":"https:\/\/domovraspenava.cz\/index.php?rest_route=\/wp\/v2\/users\/2"}],"replies":[{"embeddable":true,"href":"https:\/\/domovraspenava.cz\/index.php?rest_route=%2Fwp%2Fv2%2Fcomments&post=4237"}],"version-history":[{"count":61,"href":"https:\/\/domovraspenava.cz\/index.php?rest_route=\/wp\/v2\/pages\/4237\/revisions"}],"predecessor-version":[{"id":8167,"href":"https:\/\/domovraspenava.cz\/index.php?rest_route=\/wp\/v2\/pages\/4237\/revisions\/8167"}],"wp:attachment":[{"href":"https:\/\/domovraspenava.cz\/index.php?rest_route=%2Fwp%2Fv2%2Fmedia&parent=4237"}],"curies":[{"name":"wp","href":"https:\/\/api.w.org\/{rel}","templated":true}]}}